{"id":10,"date":"2022-12-15T13:31:50","date_gmt":"2022-12-15T13:31:50","guid":{"rendered":"https:\/\/snm-gmbh.com\/?page_id=10"},"modified":"2023-02-17T14:34:21","modified_gmt":"2023-02-17T14:34:21","slug":"unternehmen","status":"publish","type":"page","link":"https:\/\/snm-gmbh.com\/?page_id=10","title":{"rendered":"Unternehmen"},"content":{"rendered":"\n<div class=\"wp-block-cover alignfull is-light\"><span aria-hidden=\"true\" class=\"wp-block-cover__background has-background-dim\"><\/span><img loading=\"lazy\" decoding=\"async\" width=\"2057\" height=\"1458\" class=\"wp-block-cover__image-background wp-image-68\" alt=\"\" src=\"https:\/\/snm-gmbh.com\/wp-content\/uploads\/2022\/12\/unternehmen_1.jpg\" data-object-fit=\"cover\" srcset=\"https:\/\/snm-gmbh.com\/wp-content\/uploads\/2022\/12\/unternehmen_1.jpg 2057w, https:\/\/snm-gmbh.com\/wp-content\/uploads\/2022\/12\/unternehmen_1-300x213.jpg 300w, https:\/\/snm-gmbh.com\/wp-content\/uploads\/2022\/12\/unternehmen_1-1024x726.jpg 1024w, https:\/\/snm-gmbh.com\/wp-content\/uploads\/2022\/12\/unternehmen_1-768x544.jpg 768w, https:\/\/snm-gmbh.com\/wp-content\/uploads\/2022\/12\/unternehmen_1-1536x1089.jpg 1536w, https:\/\/snm-gmbh.com\/wp-content\/uploads\/2022\/12\/unternehmen_1-2048x1452.jpg 2048w\" sizes=\"auto, (max-width: 2057px) 100vw, 2057px\" \/><div class=\"wp-block-cover__inner-container is-layout-flow wp-block-cover-is-layout-flow\">\n<p class=\"has-text-align-center has-x-large-font-size\" style=\"font-style:normal;font-weight:600;text-decoration:underline\">Unternehmen<\/p>\n<\/div><\/div>\n\n\n\n<div class=\"inherit-container-width wp-block-group is-layout-constrained wp-block-group-is-layout-constrained\">\n<div class=\"wp-block-media-text alignwide has-media-on-the-right is-stacked-on-mobile\"><div class=\"wp-block-media-text__content\">\n<p>Die software nach ma\u00df GmbH ist als IT-Dienstleister und Softwareentwickler im Bereich Infrastruktur und Netzwerkanwendungen ein erfahrener Ansprechpartner f\u00fcr mittelst\u00e4ndische Unternehmen, die f\u00fcr die st\u00e4ndigen Herausforderungen der Digitalisierung einen zuverl\u00e4ssigen Partner suchen.<br>Unser Sitz in Dreiech erm\u00f6glicht uns die Pr\u00e4senz im gesamten Rhein-Main-Gebiet.<br><br>Softwareentwicklung und die Schaffung von hoch performanten IT-Infrastrukturen sind unsere Leidenschaft. Ein langj\u00e4hrig erfahrenes Team unterst\u00fctzt Sie bei der Entwicklung und Implementierung gesch\u00e4ftskritischer Software oder in Fragen der Infrastruktur und Netzwerkl\u00f6sungen.<\/p>\n<\/div><figure class=\"wp-block-media-text__media\"><img loading=\"lazy\" decoding=\"async\" width=\"555\" height=\"370\" src=\"https:\/\/snm-gmbh.com\/wp-content\/uploads\/2022\/12\/unternehmen_2.jpg\" alt=\"\" class=\"wp-image-72 size-full\" srcset=\"https:\/\/snm-gmbh.com\/wp-content\/uploads\/2022\/12\/unternehmen_2.jpg 555w, https:\/\/snm-gmbh.com\/wp-content\/uploads\/2022\/12\/unternehmen_2-300x200.jpg 300w\" sizes=\"auto, (max-width: 555px) 100vw, 555px\" \/><\/figure><\/div>\n\n\n\n<p>Seit mehr als 25 Jahren ist die software nach ma\u00df GmbH ein gefragter Partner namhafter Unternehmen, wenn es um die Entwicklung komplexer Softwarel\u00f6sungen geht. Unabh\u00e4ngig davon, ob es anspruchsvolle Einzelprojekte in Zusammenarbeit mit Gro\u00dfkonzernen sind oder die dauerhafte Unterst\u00fctzung von mittelst\u00e4ndischen Unternehmen. Die software nach ma\u00df GmbH kann auf eine langj\u00e4hrige und erfolgreiche Zusammenarbeit mit Ihren Kunden zur\u00fcckblicken.<\/p>\n<\/div>\n","protected":false},"excerpt":{"rendered":"<p>Die software nach ma\u00df GmbH ist als IT-Dienstleister und Softwareentwickler im Bereich Infrastruktur und Netzwerkanwendungen ein erfahrener Ansprechpartner f\u00fcr mittelst\u00e4ndische Unternehmen, die f\u00fcr die st\u00e4ndigen Herausforderungen der Digitalisierung einen zuverl\u00e4ssigen Partner suchen.Unser Sitz in Dreiech erm\u00f6glicht uns die Pr\u00e4senz im gesamten Rhein-Main-Gebiet. Softwareentwicklung und die Schaffung von hoch performanten IT-Infrastrukturen sind unsere Leidenschaft. Ein langj\u00e4hrig &hellip;<\/p>\n<p class=\"read-more\"> <a class=\"\" href=\"https:\/\/snm-gmbh.com\/?page_id=10\"> <span class=\"screen-reader-text\">Unternehmen<\/span> Weiterlesen &raquo;<\/a><\/p>\n","protected":false},"author":1,"featured_media":0,"parent":0,"menu_order":0,"comment_status":"closed","ping_status":"closed","template":"","meta":{"site-sidebar-layout":"default","site-content-layout":"","ast-site-content-layout":"","site-content-style":"default","site-sidebar-style":"default","ast-global-header-display":"","ast-banner-title-visibility":"","ast-main-header-display":"","ast-hfb-above-header-display":"","ast-hfb-below-header-display":"","ast-hfb-mobile-header-display":"","site-post-title":"disabled","ast-breadcrumbs-content":"","ast-featured-img":"","footer-sml-layout":"","theme-transparent-header-meta":"","adv-header-id-meta":"","stick-header-meta":"","header-above-stick-meta":"","header-main-stick-meta":"","header-below-stick-meta":"","astra-migrate-meta-layouts":"","footnotes":""},"class_list":["post-10","page","type-page","status-publish","hentry"],"yoast_head":"<!-- This site is optimized with the Yoast SEO plugin v27.4 - https:\/\/yoast.com\/product\/yoast-seo-wordpress\/ -->\n<title>Unternehmen - software nach ma\u00df GmbH<\/title>\n<meta name=\"robots\" content=\"index, follow, max-snippet:-1, max-image-preview:large, max-video-preview:-1\" \/>\n<link rel=\"canonical\" href=\"https:\/\/snm-gmbh.com\/?page_id=10\" \/>\n<meta property=\"og:locale\" content=\"de_DE\" \/>\n<meta property=\"og:type\" content=\"article\" \/>\n<meta property=\"og:title\" content=\"Unternehmen - software nach ma\u00df GmbH\" \/>\n<meta property=\"og:description\" content=\"Die software nach ma\u00df GmbH ist als IT-Dienstleister und Softwareentwickler im Bereich Infrastruktur und Netzwerkanwendungen ein erfahrener Ansprechpartner f\u00fcr mittelst\u00e4ndische Unternehmen, die f\u00fcr die st\u00e4ndigen Herausforderungen der Digitalisierung einen zuverl\u00e4ssigen Partner suchen.Unser Sitz in Dreiech erm\u00f6glicht uns die Pr\u00e4senz im gesamten Rhein-Main-Gebiet. Softwareentwicklung und die Schaffung von hoch performanten IT-Infrastrukturen sind unsere Leidenschaft. Ein langj\u00e4hrig &hellip; Unternehmen Weiterlesen &raquo;\" \/>\n<meta property=\"og:url\" content=\"https:\/\/snm-gmbh.com\/?page_id=10\" \/>\n<meta property=\"og:site_name\" content=\"software nach ma\u00df GmbH\" \/>\n<meta property=\"article:modified_time\" content=\"2023-02-17T14:34:21+00:00\" \/>\n<meta property=\"og:image\" content=\"https:\/\/snm-gmbh.com\/wp-content\/uploads\/2022\/12\/unternehmen_1.jpg\" \/>\n<meta name=\"twitter:card\" content=\"summary_large_image\" \/>\n<meta name=\"twitter:label1\" content=\"Gesch\u00e4tzte Lesezeit\" \/>\n\t<meta name=\"twitter:data1\" content=\"2\u00a0Minuten\" \/>\n<script type=\"application\/ld+json\" class=\"yoast-schema-graph\">{\"@context\":\"https:\\\/\\\/schema.org\",\"@graph\":[{\"@type\":\"WebPage\",\"@id\":\"https:\\\/\\\/snm-gmbh.com\\\/?page_id=10\",\"url\":\"https:\\\/\\\/snm-gmbh.com\\\/?page_id=10\",\"name\":\"Unternehmen - software nach ma\u00df GmbH\",\"isPartOf\":{\"@id\":\"https:\\\/\\\/snm-gmbh.com\\\/#website\"},\"primaryImageOfPage\":{\"@id\":\"https:\\\/\\\/snm-gmbh.com\\\/?page_id=10#primaryimage\"},\"image\":{\"@id\":\"https:\\\/\\\/snm-gmbh.com\\\/?page_id=10#primaryimage\"},\"thumbnailUrl\":\"https:\\\/\\\/snm-gmbh.com\\\/wp-content\\\/uploads\\\/2022\\\/12\\\/unternehmen_1.jpg\",\"datePublished\":\"2022-12-15T13:31:50+00:00\",\"dateModified\":\"2023-02-17T14:34:21+00:00\",\"breadcrumb\":{\"@id\":\"https:\\\/\\\/snm-gmbh.com\\\/?page_id=10#breadcrumb\"},\"inLanguage\":\"de\",\"potentialAction\":[{\"@type\":\"ReadAction\",\"target\":[\"https:\\\/\\\/snm-gmbh.com\\\/?page_id=10\"]}]},{\"@type\":\"ImageObject\",\"inLanguage\":\"de\",\"@id\":\"https:\\\/\\\/snm-gmbh.com\\\/?page_id=10#primaryimage\",\"url\":\"https:\\\/\\\/snm-gmbh.com\\\/wp-content\\\/uploads\\\/2022\\\/12\\\/unternehmen_1.jpg\",\"contentUrl\":\"https:\\\/\\\/snm-gmbh.com\\\/wp-content\\\/uploads\\\/2022\\\/12\\\/unternehmen_1.jpg\",\"width\":2057,\"height\":1458},{\"@type\":\"BreadcrumbList\",\"@id\":\"https:\\\/\\\/snm-gmbh.com\\\/?page_id=10#breadcrumb\",\"itemListElement\":[{\"@type\":\"ListItem\",\"position\":1,\"name\":\"Startseite\",\"item\":\"https:\\\/\\\/snm-gmbh.com\\\/\"},{\"@type\":\"ListItem\",\"position\":2,\"name\":\"Unternehmen\"}]},{\"@type\":\"WebSite\",\"@id\":\"https:\\\/\\\/snm-gmbh.com\\\/#website\",\"url\":\"https:\\\/\\\/snm-gmbh.com\\\/\",\"name\":\"software nach ma\u00df GmbH\",\"description\":\"\",\"publisher\":{\"@id\":\"https:\\\/\\\/snm-gmbh.com\\\/#organization\"},\"potentialAction\":[{\"@type\":\"SearchAction\",\"target\":{\"@type\":\"EntryPoint\",\"urlTemplate\":\"https:\\\/\\\/snm-gmbh.com\\\/?s={search_term_string}\"},\"query-input\":{\"@type\":\"PropertyValueSpecification\",\"valueRequired\":true,\"valueName\":\"search_term_string\"}}],\"inLanguage\":\"de\"},{\"@type\":\"Organization\",\"@id\":\"https:\\\/\\\/snm-gmbh.com\\\/#organization\",\"name\":\"software nach ma\u00df GmbH\",\"url\":\"https:\\\/\\\/snm-gmbh.com\\\/\",\"logo\":{\"@type\":\"ImageObject\",\"inLanguage\":\"de\",\"@id\":\"https:\\\/\\\/snm-gmbh.com\\\/#\\\/schema\\\/logo\\\/image\\\/\",\"url\":\"https:\\\/\\\/snm-gmbh.com\\\/wp-content\\\/uploads\\\/2022\\\/12\\\/logo_snm.png\",\"contentUrl\":\"https:\\\/\\\/snm-gmbh.com\\\/wp-content\\\/uploads\\\/2022\\\/12\\\/logo_snm.png\",\"width\":558,\"height\":270,\"caption\":\"software nach ma\u00df GmbH\"},\"image\":{\"@id\":\"https:\\\/\\\/snm-gmbh.com\\\/#\\\/schema\\\/logo\\\/image\\\/\"}}]}<\/script>\n<!-- \/ Yoast SEO plugin. -->","yoast_head_json":{"title":"Unternehmen - software nach ma\u00df GmbH","robots":{"index":"index","follow":"follow","max-snippet":"max-snippet:-1","max-image-preview":"max-image-preview:large","max-video-preview":"max-video-preview:-1"},"canonical":"https:\/\/snm-gmbh.com\/?page_id=10","og_locale":"de_DE","og_type":"article","og_title":"Unternehmen - software nach ma\u00df GmbH","og_description":"Die software nach ma\u00df GmbH ist als IT-Dienstleister und Softwareentwickler im Bereich Infrastruktur und Netzwerkanwendungen ein erfahrener Ansprechpartner f\u00fcr mittelst\u00e4ndische Unternehmen, die f\u00fcr die st\u00e4ndigen Herausforderungen der Digitalisierung einen zuverl\u00e4ssigen Partner suchen.Unser Sitz in Dreiech erm\u00f6glicht uns die Pr\u00e4senz im gesamten Rhein-Main-Gebiet. Softwareentwicklung und die Schaffung von hoch performanten IT-Infrastrukturen sind unsere Leidenschaft. Ein langj\u00e4hrig &hellip; Unternehmen Weiterlesen &raquo;","og_url":"https:\/\/snm-gmbh.com\/?page_id=10","og_site_name":"software nach ma\u00df GmbH","article_modified_time":"2023-02-17T14:34:21+00:00","og_image":[{"url":"https:\/\/snm-gmbh.com\/wp-content\/uploads\/2022\/12\/unternehmen_1.jpg","type":"","width":"","height":""}],"twitter_card":"summary_large_image","twitter_misc":{"Gesch\u00e4tzte Lesezeit":"2\u00a0Minuten"},"schema":{"@context":"https:\/\/schema.org","@graph":[{"@type":"WebPage","@id":"https:\/\/snm-gmbh.com\/?page_id=10","url":"https:\/\/snm-gmbh.com\/?page_id=10","name":"Unternehmen - software nach ma\u00df GmbH","isPartOf":{"@id":"https:\/\/snm-gmbh.com\/#website"},"primaryImageOfPage":{"@id":"https:\/\/snm-gmbh.com\/?page_id=10#primaryimage"},"image":{"@id":"https:\/\/snm-gmbh.com\/?page_id=10#primaryimage"},"thumbnailUrl":"https:\/\/snm-gmbh.com\/wp-content\/uploads\/2022\/12\/unternehmen_1.jpg","datePublished":"2022-12-15T13:31:50+00:00","dateModified":"2023-02-17T14:34:21+00:00","breadcrumb":{"@id":"https:\/\/snm-gmbh.com\/?page_id=10#breadcrumb"},"inLanguage":"de","potentialAction":[{"@type":"ReadAction","target":["https:\/\/snm-gmbh.com\/?page_id=10"]}]},{"@type":"ImageObject","inLanguage":"de","@id":"https:\/\/snm-gmbh.com\/?page_id=10#primaryimage","url":"https:\/\/snm-gmbh.com\/wp-content\/uploads\/2022\/12\/unternehmen_1.jpg","contentUrl":"https:\/\/snm-gmbh.com\/wp-content\/uploads\/2022\/12\/unternehmen_1.jpg","width":2057,"height":1458},{"@type":"BreadcrumbList","@id":"https:\/\/snm-gmbh.com\/?page_id=10#breadcrumb","itemListElement":[{"@type":"ListItem","position":1,"name":"Startseite","item":"https:\/\/snm-gmbh.com\/"},{"@type":"ListItem","position":2,"name":"Unternehmen"}]},{"@type":"WebSite","@id":"https:\/\/snm-gmbh.com\/#website","url":"https:\/\/snm-gmbh.com\/","name":"software nach ma\u00df GmbH","description":"","publisher":{"@id":"https:\/\/snm-gmbh.com\/#organization"},"potentialAction":[{"@type":"SearchAction","target":{"@type":"EntryPoint","urlTemplate":"https:\/\/snm-gmbh.com\/?s={search_term_string}"},"query-input":{"@type":"PropertyValueSpecification","valueRequired":true,"valueName":"search_term_string"}}],"inLanguage":"de"},{"@type":"Organization","@id":"https:\/\/snm-gmbh.com\/#organization","name":"software nach ma\u00df GmbH","url":"https:\/\/snm-gmbh.com\/","logo":{"@type":"ImageObject","inLanguage":"de","@id":"https:\/\/snm-gmbh.com\/#\/schema\/logo\/image\/","url":"https:\/\/snm-gmbh.com\/wp-content\/uploads\/2022\/12\/logo_snm.png","contentUrl":"https:\/\/snm-gmbh.com\/wp-content\/uploads\/2022\/12\/logo_snm.png","width":558,"height":270,"caption":"software nach ma\u00df GmbH"},"image":{"@id":"https:\/\/snm-gmbh.com\/#\/schema\/logo\/image\/"}}]}},"_links":{"self":[{"href":"https:\/\/snm-gmbh.com\/index.php?rest_route=\/wp\/v2\/pages\/10","targetHints":{"allow":["GET"]}}],"collection":[{"href":"https:\/\/snm-gmbh.com\/index.php?rest_route=\/wp\/v2\/pages"}],"about":[{"href":"https:\/\/snm-gmbh.com\/index.php?rest_route=\/wp\/v2\/types\/page"}],"author":[{"embeddable":true,"href":"https:\/\/snm-gmbh.com\/index.php?rest_route=\/wp\/v2\/users\/1"}],"replies":[{"embeddable":true,"href":"https:\/\/snm-gmbh.com\/index.php?rest_route=%2Fwp%2Fv2%2Fcomments&post=10"}],"version-history":[{"count":17,"href":"https:\/\/snm-gmbh.com\/index.php?rest_route=\/wp\/v2\/pages\/10\/revisions"}],"predecessor-version":[{"id":528,"href":"https:\/\/snm-gmbh.com\/index.php?rest_route=\/wp\/v2\/pages\/10\/revisions\/528"}],"wp:attachment":[{"href":"https:\/\/snm-gmbh.com\/index.php?rest_route=%2Fwp%2Fv2%2Fmedia&parent=10"}],"curies":[{"name":"wp","href":"https:\/\/api.w.org\/{rel}","templated":true}]}}