{"id":12,"date":"2022-12-15T13:32:46","date_gmt":"2022-12-15T13:32:46","guid":{"rendered":"https:\/\/snm-gmbh.com\/?page_id=12"},"modified":"2023-02-17T14:42:42","modified_gmt":"2023-02-17T14:42:42","slug":"softwareentwicklung","status":"publish","type":"page","link":"https:\/\/snm-gmbh.com\/?page_id=12","title":{"rendered":"Softwareentwicklung"},"content":{"rendered":"\n<div class=\"wp-block-cover alignfull\"><span aria-hidden=\"true\" class=\"wp-block-cover__background has-background-dim\"><\/span><img loading=\"lazy\" decoding=\"async\" width=\"2121\" height=\"1414\" class=\"wp-block-cover__image-background wp-image-104\" alt=\"\" src=\"https:\/\/snm-gmbh.com\/wp-content\/uploads\/2022\/12\/software_1.jpg\" data-object-fit=\"cover\" srcset=\"https:\/\/snm-gmbh.com\/wp-content\/uploads\/2022\/12\/software_1.jpg 2121w, https:\/\/snm-gmbh.com\/wp-content\/uploads\/2022\/12\/software_1-300x200.jpg 300w, https:\/\/snm-gmbh.com\/wp-content\/uploads\/2022\/12\/software_1-1024x683.jpg 1024w, https:\/\/snm-gmbh.com\/wp-content\/uploads\/2022\/12\/software_1-768x512.jpg 768w, https:\/\/snm-gmbh.com\/wp-content\/uploads\/2022\/12\/software_1-1536x1024.jpg 1536w, https:\/\/snm-gmbh.com\/wp-content\/uploads\/2022\/12\/software_1-2048x1365.jpg 2048w\" sizes=\"auto, (max-width: 2121px) 100vw, 2121px\" \/><div class=\"wp-block-cover__inner-container is-layout-flow wp-block-cover-is-layout-flow\">\n<p class=\"has-text-align-center has-x-large-font-size\" style=\"font-style:normal;font-weight:600;text-decoration:underline\">Softwareentwicklung<\/p>\n<\/div><\/div>\n\n\n\n<div class=\"inherit-container-width wp-block-group is-layout-constrained wp-block-group-is-layout-constrained\">\n<h3 class=\"has-text-align-center has-large-font-size wp-block-heading\" style=\"margin-top:0;margin-right:0;margin-bottom:0;margin-left:0;font-style:normal;font-weight:600\">Ihr erfahrener Partner f\u00fcr passgenaue Softwareentwicklung<br><br><\/h3>\n\n\n\n<div class=\"wp-block-media-text alignwide has-media-on-the-right is-stacked-on-mobile is-vertically-aligned-top\" style=\"margin-top:0;margin-right:0;margin-bottom:0;margin-left:0;padding-top:0;padding-right:0;padding-bottom:0;padding-left:0\"><div class=\"wp-block-media-text__content\">\n<p>Wir unterst\u00fctzen Sie bei den unterschiedlichen Fragestellungen rund um das Thema Datenverarbeitung, wenn eine individuelle Softwarel\u00f6sung die Antwort auf die Frage bieten kann, werden wir diese auf Ihre Belange hin entwickeln.<br><br>Aber auch wenn es um die Integration von Standard Software in Bestandssysteme, die Optimierung Ihrer Gesch\u00e4ftsprozesse, Big Data oder Themen wie Migration in die Cloud geht, sind wir f\u00fcr Sie da. Unternehmen sind heute mehr denn je gefordert, sich dem technologischen Fortschritt zu stellen. Nicht immer hilft eine Standardsoftware. Individuelle L\u00f6sungen sind oft das Mittel der Wahl.<\/p>\n<\/div><figure class=\"wp-block-media-text__media\"><img loading=\"lazy\" decoding=\"async\" width=\"555\" height=\"371\" src=\"https:\/\/snm-gmbh.com\/wp-content\/uploads\/2022\/12\/software_2.jpg\" alt=\"\" class=\"wp-image-105 size-full\" srcset=\"https:\/\/snm-gmbh.com\/wp-content\/uploads\/2022\/12\/software_2.jpg 555w, https:\/\/snm-gmbh.com\/wp-content\/uploads\/2022\/12\/software_2-300x201.jpg 300w\" sizes=\"auto, (max-width: 555px) 100vw, 555px\" \/><\/figure><\/div>\n\n\n\n<p>Wir konzipieren und realisieren Anwendungen f\u00fcr unterschiedliche Bereiche der Industrie und Wirtschaft. Dabei entwickeln wir komplexe Softwarel\u00f6sungen, die passgenau auf die spezifischen Anforderungen unserer Kunden zugeschnitten sind. In intensiver Zusammenarbeit mit den Verantwortlichen und Anwendern, kl\u00e4ren wir die zu l\u00f6sende Fragestellung und entwickeln komplexe aber einfach anwendbare Softwarel\u00f6sungen, die helfen, Sie als Unternehmen erfolgreicher zu machen.<br><br>Unser Anspruch ist, eine tragf\u00e4hige L\u00f6sung, die nachhaltig wirksam ist und zu positiven Unternehmensergebnissen beitr\u00e4gt und damit langfristig Ihre Wettbewerbsf\u00e4higkeit sichert.<br><br>Wir entwickeln mit Ihnen, die individuell auf Sie zugeschnittene Komplettl\u00f6sung von der Analyse bis zur Realisierung. So garantieren wir Ihnen, ein genau nach Ihren W\u00fcnschen und Bed\u00fcrfnissen zugeschnittenes Produkt. Unsere Partnerschaft mit unseren Kunden gestalten wir gerne unkompliziert und auf Augenh\u00f6he.<\/p>\n\n\n\n<h3 class=\"has-text-align-center has-large-font-size wp-block-heading\" style=\"font-style:normal;font-weight:600\">Leistungsumfang<\/h3>\n\n\n\n<p>Mit einer fundierten Analyse und dem entwickeln eines ersten Prototypen f\u00e4ngt alles an. In schnellen Innovationszyklen entwickeln wir dann gemeinsam mit Ihnen die komplette Anwendung \u2013 damit Sie mit unserer Software Ihre gesch\u00e4ftlichen Ziele schneller erreichen k\u00f6nnen.<\/p>\n\n\n\n<h3 class=\"has-text-align-center has-large-font-size wp-block-heading\" style=\"font-style:normal;font-weight:600\">Pflege und Wartung<\/h3>\n\n\n\n<p>Verantwortung f\u00fcr unsere Software ist f\u00fcr uns ein dauerhaftes Konzept. Durch TDD (Test-Driven Development) und Clean Code bleibt unsere Software auch zuk\u00fcnftig wartbar. Gerne bieten wir Ihnen daf\u00fcr eine Support- und Wartungsvereinbarung an.<\/p>\n\n\n\n<h3 class=\"has-text-align-center has-large-font-size wp-block-heading\" style=\"font-style:normal;font-weight:600\">Experten<\/h3>\n\n\n\n<p>Um Ihre Software zum Erfolg zu f\u00fchren, bringen unsere Experten ihr breit gestreutes Fachwissen mit ein: Softwareentwickler in Backend und Frontend. Wir sind f\u00fcr Ihren Gesch\u00e4ftsfall gut aufgestellt.<\/p>\n\n\n\n<h3 class=\"has-text-align-center has-large-font-size wp-block-heading\" style=\"font-style:normal;font-weight:600\">Branchen<\/h3>\n\n\n\n<p>Wir arbeiten branchenneutral. Dennoch verf\u00fcgen wir \u00fcber umfangreiche Erfahrung in den Branchen Telekommunikation, Maschinenbau, Logistik, kommunale Verwaltung und Big Data. Herausforderungen in anderen Branchen stellen wir uns gerne.<\/p>\n\n\n\n<h3 class=\"has-text-align-center has-large-font-size wp-block-heading\" style=\"font-style:normal;font-weight:600\">Sprechen Sie uns an!<\/h3>\n\n\n\n<p class=\"has-text-align-center\"><strong>Telefon:\u00a0<\/strong>+49 69 2475 464-0<br><strong>E-Mail:\u00a0<\/strong><a href=\"mailto:info@snm-gmbh.com\">info@snm-gmbh.com<\/a><\/p>\n<\/div>\n","protected":false},"excerpt":{"rendered":"<p>Ihr erfahrener Partner f\u00fcr passgenaue Softwareentwicklung Wir unterst\u00fctzen Sie bei den unterschiedlichen Fragestellungen rund um das Thema Datenverarbeitung, wenn eine individuelle Softwarel\u00f6sung die Antwort auf die Frage bieten kann, werden wir diese auf Ihre Belange hin entwickeln. Aber auch wenn es um die Integration von Standard Software in Bestandssysteme, die Optimierung Ihrer Gesch\u00e4ftsprozesse, Big Data &hellip;<\/p>\n<p class=\"read-more\"> <a class=\"\" href=\"https:\/\/snm-gmbh.com\/?page_id=12\"> <span class=\"screen-reader-text\">Softwareentwicklung<\/span> Weiterlesen &raquo;<\/a><\/p>\n","protected":false},"author":1,"featured_media":0,"parent":0,"menu_order":0,"comment_status":"closed","ping_status":"closed","template":"","meta":{"site-sidebar-layout":"default","site-content-layout":"","ast-site-content-layout":"","site-content-style":"default","site-sidebar-style":"default","ast-global-header-display":"","ast-banner-title-visibility":"","ast-main-header-display":"","ast-hfb-above-header-display":"","ast-hfb-below-header-display":"","ast-hfb-mobile-header-display":"","site-post-title":"disabled","ast-breadcrumbs-content":"","ast-featured-img":"","footer-sml-layout":"","theme-transparent-header-meta":"","adv-header-id-meta":"","stick-header-meta":"","header-above-stick-meta":"","header-main-stick-meta":"","header-below-stick-meta":"","astra-migrate-meta-layouts":"","footnotes":""},"class_list":["post-12","page","type-page","status-publish","hentry"],"yoast_head":"<!-- This site is optimized with the Yoast SEO plugin v27.4 - https:\/\/yoast.com\/product\/yoast-seo-wordpress\/ -->\n<title>Softwareentwicklung - software nach ma\u00df GmbH<\/title>\n<meta name=\"robots\" content=\"index, follow, max-snippet:-1, max-image-preview:large, max-video-preview:-1\" \/>\n<link rel=\"canonical\" href=\"https:\/\/snm-gmbh.com\/?page_id=12\" \/>\n<meta property=\"og:locale\" content=\"de_DE\" \/>\n<meta property=\"og:type\" content=\"article\" \/>\n<meta property=\"og:title\" content=\"Softwareentwicklung - software nach ma\u00df GmbH\" \/>\n<meta property=\"og:description\" content=\"Ihr erfahrener Partner f\u00fcr passgenaue Softwareentwicklung Wir unterst\u00fctzen Sie bei den unterschiedlichen Fragestellungen rund um das Thema Datenverarbeitung, wenn eine individuelle Softwarel\u00f6sung die Antwort auf die Frage bieten kann, werden wir diese auf Ihre Belange hin entwickeln. Aber auch wenn es um die Integration von Standard Software in Bestandssysteme, die Optimierung Ihrer Gesch\u00e4ftsprozesse, Big Data &hellip; Softwareentwicklung Weiterlesen &raquo;\" \/>\n<meta property=\"og:url\" content=\"https:\/\/snm-gmbh.com\/?page_id=12\" \/>\n<meta property=\"og:site_name\" content=\"software nach ma\u00df GmbH\" \/>\n<meta property=\"article:modified_time\" content=\"2023-02-17T14:42:42+00:00\" \/>\n<meta property=\"og:image\" content=\"https:\/\/snm-gmbh.com\/wp-content\/uploads\/2022\/12\/software_1.jpg\" \/>\n<meta name=\"twitter:card\" content=\"summary_large_image\" \/>\n<meta name=\"twitter:label1\" content=\"Gesch\u00e4tzte Lesezeit\" \/>\n\t<meta name=\"twitter:data1\" content=\"3\u00a0Minuten\" \/>\n<script type=\"application\/ld+json\" class=\"yoast-schema-graph\">{\"@context\":\"https:\\\/\\\/schema.org\",\"@graph\":[{\"@type\":\"WebPage\",\"@id\":\"https:\\\/\\\/snm-gmbh.com\\\/?page_id=12\",\"url\":\"https:\\\/\\\/snm-gmbh.com\\\/?page_id=12\",\"name\":\"Softwareentwicklung - software nach ma\u00df GmbH\",\"isPartOf\":{\"@id\":\"https:\\\/\\\/snm-gmbh.com\\\/#website\"},\"primaryImageOfPage\":{\"@id\":\"https:\\\/\\\/snm-gmbh.com\\\/?page_id=12#primaryimage\"},\"image\":{\"@id\":\"https:\\\/\\\/snm-gmbh.com\\\/?page_id=12#primaryimage\"},\"thumbnailUrl\":\"https:\\\/\\\/snm-gmbh.com\\\/wp-content\\\/uploads\\\/2022\\\/12\\\/software_1.jpg\",\"datePublished\":\"2022-12-15T13:32:46+00:00\",\"dateModified\":\"2023-02-17T14:42:42+00:00\",\"breadcrumb\":{\"@id\":\"https:\\\/\\\/snm-gmbh.com\\\/?page_id=12#breadcrumb\"},\"inLanguage\":\"de\",\"potentialAction\":[{\"@type\":\"ReadAction\",\"target\":[\"https:\\\/\\\/snm-gmbh.com\\\/?page_id=12\"]}]},{\"@type\":\"ImageObject\",\"inLanguage\":\"de\",\"@id\":\"https:\\\/\\\/snm-gmbh.com\\\/?page_id=12#primaryimage\",\"url\":\"https:\\\/\\\/snm-gmbh.com\\\/wp-content\\\/uploads\\\/2022\\\/12\\\/software_1.jpg\",\"contentUrl\":\"https:\\\/\\\/snm-gmbh.com\\\/wp-content\\\/uploads\\\/2022\\\/12\\\/software_1.jpg\",\"width\":2121,\"height\":1414},{\"@type\":\"BreadcrumbList\",\"@id\":\"https:\\\/\\\/snm-gmbh.com\\\/?page_id=12#breadcrumb\",\"itemListElement\":[{\"@type\":\"ListItem\",\"position\":1,\"name\":\"Startseite\",\"item\":\"https:\\\/\\\/snm-gmbh.com\\\/\"},{\"@type\":\"ListItem\",\"position\":2,\"name\":\"Softwareentwicklung\"}]},{\"@type\":\"WebSite\",\"@id\":\"https:\\\/\\\/snm-gmbh.com\\\/#website\",\"url\":\"https:\\\/\\\/snm-gmbh.com\\\/\",\"name\":\"software nach ma\u00df GmbH\",\"description\":\"\",\"publisher\":{\"@id\":\"https:\\\/\\\/snm-gmbh.com\\\/#organization\"},\"potentialAction\":[{\"@type\":\"SearchAction\",\"target\":{\"@type\":\"EntryPoint\",\"urlTemplate\":\"https:\\\/\\\/snm-gmbh.com\\\/?s={search_term_string}\"},\"query-input\":{\"@type\":\"PropertyValueSpecification\",\"valueRequired\":true,\"valueName\":\"search_term_string\"}}],\"inLanguage\":\"de\"},{\"@type\":\"Organization\",\"@id\":\"https:\\\/\\\/snm-gmbh.com\\\/#organization\",\"name\":\"software nach ma\u00df GmbH\",\"url\":\"https:\\\/\\\/snm-gmbh.com\\\/\",\"logo\":{\"@type\":\"ImageObject\",\"inLanguage\":\"de\",\"@id\":\"https:\\\/\\\/snm-gmbh.com\\\/#\\\/schema\\\/logo\\\/image\\\/\",\"url\":\"https:\\\/\\\/snm-gmbh.com\\\/wp-content\\\/uploads\\\/2022\\\/12\\\/logo_snm.png\",\"contentUrl\":\"https:\\\/\\\/snm-gmbh.com\\\/wp-content\\\/uploads\\\/2022\\\/12\\\/logo_snm.png\",\"width\":558,\"height\":270,\"caption\":\"software nach ma\u00df GmbH\"},\"image\":{\"@id\":\"https:\\\/\\\/snm-gmbh.com\\\/#\\\/schema\\\/logo\\\/image\\\/\"}}]}<\/script>\n<!-- \/ Yoast SEO plugin. -->","yoast_head_json":{"title":"Softwareentwicklung - software nach ma\u00df GmbH","robots":{"index":"index","follow":"follow","max-snippet":"max-snippet:-1","max-image-preview":"max-image-preview:large","max-video-preview":"max-video-preview:-1"},"canonical":"https:\/\/snm-gmbh.com\/?page_id=12","og_locale":"de_DE","og_type":"article","og_title":"Softwareentwicklung - software nach ma\u00df GmbH","og_description":"Ihr erfahrener Partner f\u00fcr passgenaue Softwareentwicklung Wir unterst\u00fctzen Sie bei den unterschiedlichen Fragestellungen rund um das Thema Datenverarbeitung, wenn eine individuelle Softwarel\u00f6sung die Antwort auf die Frage bieten kann, werden wir diese auf Ihre Belange hin entwickeln. Aber auch wenn es um die Integration von Standard Software in Bestandssysteme, die Optimierung Ihrer Gesch\u00e4ftsprozesse, Big Data &hellip; Softwareentwicklung Weiterlesen &raquo;","og_url":"https:\/\/snm-gmbh.com\/?page_id=12","og_site_name":"software nach ma\u00df GmbH","article_modified_time":"2023-02-17T14:42:42+00:00","og_image":[{"url":"https:\/\/snm-gmbh.com\/wp-content\/uploads\/2022\/12\/software_1.jpg","type":"","width":"","height":""}],"twitter_card":"summary_large_image","twitter_misc":{"Gesch\u00e4tzte Lesezeit":"3\u00a0Minuten"},"schema":{"@context":"https:\/\/schema.org","@graph":[{"@type":"WebPage","@id":"https:\/\/snm-gmbh.com\/?page_id=12","url":"https:\/\/snm-gmbh.com\/?page_id=12","name":"Softwareentwicklung - software nach ma\u00df GmbH","isPartOf":{"@id":"https:\/\/snm-gmbh.com\/#website"},"primaryImageOfPage":{"@id":"https:\/\/snm-gmbh.com\/?page_id=12#primaryimage"},"image":{"@id":"https:\/\/snm-gmbh.com\/?page_id=12#primaryimage"},"thumbnailUrl":"https:\/\/snm-gmbh.com\/wp-content\/uploads\/2022\/12\/software_1.jpg","datePublished":"2022-12-15T13:32:46+00:00","dateModified":"2023-02-17T14:42:42+00:00","breadcrumb":{"@id":"https:\/\/snm-gmbh.com\/?page_id=12#breadcrumb"},"inLanguage":"de","potentialAction":[{"@type":"ReadAction","target":["https:\/\/snm-gmbh.com\/?page_id=12"]}]},{"@type":"ImageObject","inLanguage":"de","@id":"https:\/\/snm-gmbh.com\/?page_id=12#primaryimage","url":"https:\/\/snm-gmbh.com\/wp-content\/uploads\/2022\/12\/software_1.jpg","contentUrl":"https:\/\/snm-gmbh.com\/wp-content\/uploads\/2022\/12\/software_1.jpg","width":2121,"height":1414},{"@type":"BreadcrumbList","@id":"https:\/\/snm-gmbh.com\/?page_id=12#breadcrumb","itemListElement":[{"@type":"ListItem","position":1,"name":"Startseite","item":"https:\/\/snm-gmbh.com\/"},{"@type":"ListItem","position":2,"name":"Softwareentwicklung"}]},{"@type":"WebSite","@id":"https:\/\/snm-gmbh.com\/#website","url":"https:\/\/snm-gmbh.com\/","name":"software nach ma\u00df GmbH","description":"","publisher":{"@id":"https:\/\/snm-gmbh.com\/#organization"},"potentialAction":[{"@type":"SearchAction","target":{"@type":"EntryPoint","urlTemplate":"https:\/\/snm-gmbh.com\/?s={search_term_string}"},"query-input":{"@type":"PropertyValueSpecification","valueRequired":true,"valueName":"search_term_string"}}],"inLanguage":"de"},{"@type":"Organization","@id":"https:\/\/snm-gmbh.com\/#organization","name":"software nach ma\u00df GmbH","url":"https:\/\/snm-gmbh.com\/","logo":{"@type":"ImageObject","inLanguage":"de","@id":"https:\/\/snm-gmbh.com\/#\/schema\/logo\/image\/","url":"https:\/\/snm-gmbh.com\/wp-content\/uploads\/2022\/12\/logo_snm.png","contentUrl":"https:\/\/snm-gmbh.com\/wp-content\/uploads\/2022\/12\/logo_snm.png","width":558,"height":270,"caption":"software nach ma\u00df GmbH"},"image":{"@id":"https:\/\/snm-gmbh.com\/#\/schema\/logo\/image\/"}}]}},"_links":{"self":[{"href":"https:\/\/snm-gmbh.com\/index.php?rest_route=\/wp\/v2\/pages\/12","targetHints":{"allow":["GET"]}}],"collection":[{"href":"https:\/\/snm-gmbh.com\/index.php?rest_route=\/wp\/v2\/pages"}],"about":[{"href":"https:\/\/snm-gmbh.com\/index.php?rest_route=\/wp\/v2\/types\/page"}],"author":[{"embeddable":true,"href":"https:\/\/snm-gmbh.com\/index.php?rest_route=\/wp\/v2\/users\/1"}],"replies":[{"embeddable":true,"href":"https:\/\/snm-gmbh.com\/index.php?rest_route=%2Fwp%2Fv2%2Fcomments&post=12"}],"version-history":[{"count":20,"href":"https:\/\/snm-gmbh.com\/index.php?rest_route=\/wp\/v2\/pages\/12\/revisions"}],"predecessor-version":[{"id":532,"href":"https:\/\/snm-gmbh.com\/index.php?rest_route=\/wp\/v2\/pages\/12\/revisions\/532"}],"wp:attachment":[{"href":"https:\/\/snm-gmbh.com\/index.php?rest_route=%2Fwp%2Fv2%2Fmedia&parent=12"}],"curies":[{"name":"wp","href":"https:\/\/api.w.org\/{rel}","templated":true}]}}