{"id":14,"date":"2022-12-15T13:35:04","date_gmt":"2022-12-15T13:35:04","guid":{"rendered":"https:\/\/snm-gmbh.com\/?page_id=14"},"modified":"2023-02-17T14:38:46","modified_gmt":"2023-02-17T14:38:46","slug":"it-services-ueberblick","status":"publish","type":"page","link":"https:\/\/snm-gmbh.com\/?page_id=14","title":{"rendered":"IT-Services \u00dcberblick"},"content":{"rendered":"\n<div class=\"wp-block-cover alignfull\"><span aria-hidden=\"true\" class=\"wp-block-cover__background has-background-dim\"><\/span><img loading=\"lazy\" decoding=\"async\" width=\"2000\" height=\"1500\" class=\"wp-block-cover__image-background wp-image-117\" alt=\"\" src=\"https:\/\/snm-gmbh.com\/wp-content\/uploads\/2022\/12\/ITServices_ueberblick.jpg\" data-object-fit=\"cover\" srcset=\"https:\/\/snm-gmbh.com\/wp-content\/uploads\/2022\/12\/ITServices_ueberblick.jpg 2000w, https:\/\/snm-gmbh.com\/wp-content\/uploads\/2022\/12\/ITServices_ueberblick-300x225.jpg 300w, https:\/\/snm-gmbh.com\/wp-content\/uploads\/2022\/12\/ITServices_ueberblick-1024x768.jpg 1024w, https:\/\/snm-gmbh.com\/wp-content\/uploads\/2022\/12\/ITServices_ueberblick-768x576.jpg 768w, https:\/\/snm-gmbh.com\/wp-content\/uploads\/2022\/12\/ITServices_ueberblick-1536x1152.jpg 1536w\" sizes=\"auto, (max-width: 2000px) 100vw, 2000px\" \/><div class=\"wp-block-cover__inner-container is-layout-flow wp-block-cover-is-layout-flow\">\n<p class=\"has-text-align-center has-x-large-font-size\" style=\"font-style:normal;font-weight:600;text-decoration:underline\">\u00dcberblick<\/p>\n<\/div><\/div>\n\n\n\n<h3 class=\"has-text-align-center has-large-font-size wp-block-heading\" style=\"font-style:normal;font-weight:600\"><br><strong>Wir unterst\u00fctzen Sie bei der Einf\u00fchrung von Netzwerk- und System- Anwendungen in einer Gesamtl\u00f6sung<\/strong><\/h3>\n\n\n\n<p>Von der Planung Ihrer IT- Infrastruktur nach Ihren Bed\u00fcrfnissen und Zielvorgaben bis hin zum fachgerechten Aufbau der gew\u00e4hlten L\u00f6sung.<br><br>Auf Wunsch \u00fcbernehmen wir auch den Betrieb in unseren Rechenzentren und erm\u00f6glichen Ihnen ein transparentes Kostenmanagement. So stellen wir sicher, dass Ihr firmeninternes Netzwerk stets auf dem neuesten Stand der Technik ist. Wir sorgen unter anderem daf\u00fcr, dass Sie immer \u00fcber aktuelle Software-Versionen, funktionsf\u00e4hige Drucker, bis hin zu einem ausreichenden Passwortschutz, sowie der erforderlichen Sicherheit etc. verf\u00fcgen.<br>Wir helfen dabei Ihre Ausfallzeiten zu vermindern, indem wir sicherstellen, dass Ihr Netzwerk stabil und performant bleibt.<br><br>Unsere Techniker sind Ihre pers\u00f6nlichen Ansprechpartner. \u00dcber eine Remote Verbindung stellen sie die volle Funktionsf\u00e4higkeit Ihres Netzwerkes sicher, pr\u00fcfen bei Bedarf das System oder stellen die Funktionsf\u00e4higkeit wieder her.<br>Eine permanente \u00dcberwachung der Systemlandschaft durch unser Monitoring kann ebenso implementiert werden.<br>Bei Bedarf oder auf Kundenwunsch stehen Ihnen unsere qualifizierten Mitarbeiter auch vor Ort in Ihrem Unternehmen zur Verf\u00fcgung.<br><br>Um Ihnen Planungssicherheit zu geben, bieten wir Ihnen eine, auf Ihre Anforderungen angepassten, Wartungsvereinbarung an. Diese sichert Ihnen die Verf\u00fcgbarkeit und Lauff\u00e4higkeit Ihres Netzwerkes. Wir k\u00fcmmern uns um Software-Updates, Computerkonfigurationen, Computerbeschaffung und alle weiteren notwendigen Ma\u00dfnahmen.<\/p>\n\n\n\n<h3 class=\"has-text-align-center has-large-font-size wp-block-heading\" style=\"font-style:normal;font-weight:600\">Sprechen Sie uns an!<\/h3>\n\n\n\n<p class=\"has-text-align-center\"><strong>Telefon:\u00a0<\/strong>+49 69 2475 464-0<br><strong>E-Mail:\u00a0<\/strong><a href=\"mailto:info@snm-gmbh.com\">info@snm-gmbh.com<\/a><\/p>\n","protected":false},"excerpt":{"rendered":"<p>Wir unterst\u00fctzen Sie bei der Einf\u00fchrung von Netzwerk- und System- Anwendungen in einer Gesamtl\u00f6sung Von der Planung Ihrer IT- Infrastruktur nach Ihren Bed\u00fcrfnissen und Zielvorgaben bis hin zum fachgerechten Aufbau der gew\u00e4hlten L\u00f6sung. Auf Wunsch \u00fcbernehmen wir auch den Betrieb in unseren Rechenzentren und erm\u00f6glichen Ihnen ein transparentes Kostenmanagement. So stellen wir sicher, dass Ihr &hellip;<\/p>\n<p class=\"read-more\"> <a class=\"\" href=\"https:\/\/snm-gmbh.com\/?page_id=14\"> <span class=\"screen-reader-text\">IT-Services \u00dcberblick<\/span> Weiterlesen &raquo;<\/a><\/p>\n","protected":false},"author":1,"featured_media":0,"parent":0,"menu_order":0,"comment_status":"closed","ping_status":"closed","template":"","meta":{"site-sidebar-layout":"default","site-content-layout":"","ast-site-content-layout":"","site-content-style":"default","site-sidebar-style":"default","ast-global-header-display":"","ast-banner-title-visibility":"","ast-main-header-display":"","ast-hfb-above-header-display":"","ast-hfb-below-header-display":"","ast-hfb-mobile-header-display":"","site-post-title":"disabled","ast-breadcrumbs-content":"","ast-featured-img":"","footer-sml-layout":"","theme-transparent-header-meta":"","adv-header-id-meta":"","stick-header-meta":"","header-above-stick-meta":"","header-main-stick-meta":"","header-below-stick-meta":"","astra-migrate-meta-layouts":"","footnotes":""},"class_list":["post-14","page","type-page","status-publish","hentry"],"yoast_head":"<!-- This site is optimized with the Yoast SEO plugin v27.4 - https:\/\/yoast.com\/product\/yoast-seo-wordpress\/ -->\n<title>IT-Services \u00dcberblick - software nach ma\u00df GmbH<\/title>\n<meta name=\"robots\" content=\"index, follow, max-snippet:-1, max-image-preview:large, max-video-preview:-1\" \/>\n<link rel=\"canonical\" href=\"https:\/\/snm-gmbh.com\/?page_id=14\" \/>\n<meta property=\"og:locale\" content=\"de_DE\" \/>\n<meta property=\"og:type\" content=\"article\" \/>\n<meta property=\"og:title\" content=\"IT-Services \u00dcberblick - software nach ma\u00df GmbH\" \/>\n<meta property=\"og:description\" content=\"Wir unterst\u00fctzen Sie bei der Einf\u00fchrung von Netzwerk- und System- Anwendungen in einer Gesamtl\u00f6sung Von der Planung Ihrer IT- Infrastruktur nach Ihren Bed\u00fcrfnissen und Zielvorgaben bis hin zum fachgerechten Aufbau der gew\u00e4hlten L\u00f6sung. Auf Wunsch \u00fcbernehmen wir auch den Betrieb in unseren Rechenzentren und erm\u00f6glichen Ihnen ein transparentes Kostenmanagement. So stellen wir sicher, dass Ihr &hellip; IT-Services \u00dcberblick Weiterlesen &raquo;\" \/>\n<meta property=\"og:url\" content=\"https:\/\/snm-gmbh.com\/?page_id=14\" \/>\n<meta property=\"og:site_name\" content=\"software nach ma\u00df GmbH\" \/>\n<meta property=\"article:modified_time\" content=\"2023-02-17T14:38:46+00:00\" \/>\n<meta property=\"og:image\" content=\"https:\/\/snm-gmbh.com\/wp-content\/uploads\/2022\/12\/ITServices_ueberblick.jpg\" \/>\n<meta name=\"twitter:card\" content=\"summary_large_image\" \/>\n<meta name=\"twitter:label1\" content=\"Gesch\u00e4tzte Lesezeit\" \/>\n\t<meta name=\"twitter:data1\" content=\"2\u00a0Minuten\" \/>\n<script type=\"application\/ld+json\" class=\"yoast-schema-graph\">{\"@context\":\"https:\\\/\\\/schema.org\",\"@graph\":[{\"@type\":\"WebPage\",\"@id\":\"https:\\\/\\\/snm-gmbh.com\\\/?page_id=14\",\"url\":\"https:\\\/\\\/snm-gmbh.com\\\/?page_id=14\",\"name\":\"IT-Services \u00dcberblick - software nach ma\u00df GmbH\",\"isPartOf\":{\"@id\":\"https:\\\/\\\/snm-gmbh.com\\\/#website\"},\"primaryImageOfPage\":{\"@id\":\"https:\\\/\\\/snm-gmbh.com\\\/?page_id=14#primaryimage\"},\"image\":{\"@id\":\"https:\\\/\\\/snm-gmbh.com\\\/?page_id=14#primaryimage\"},\"thumbnailUrl\":\"https:\\\/\\\/snm-gmbh.com\\\/wp-content\\\/uploads\\\/2022\\\/12\\\/ITServices_ueberblick.jpg\",\"datePublished\":\"2022-12-15T13:35:04+00:00\",\"dateModified\":\"2023-02-17T14:38:46+00:00\",\"breadcrumb\":{\"@id\":\"https:\\\/\\\/snm-gmbh.com\\\/?page_id=14#breadcrumb\"},\"inLanguage\":\"de\",\"potentialAction\":[{\"@type\":\"ReadAction\",\"target\":[\"https:\\\/\\\/snm-gmbh.com\\\/?page_id=14\"]}]},{\"@type\":\"ImageObject\",\"inLanguage\":\"de\",\"@id\":\"https:\\\/\\\/snm-gmbh.com\\\/?page_id=14#primaryimage\",\"url\":\"https:\\\/\\\/snm-gmbh.com\\\/wp-content\\\/uploads\\\/2022\\\/12\\\/ITServices_ueberblick.jpg\",\"contentUrl\":\"https:\\\/\\\/snm-gmbh.com\\\/wp-content\\\/uploads\\\/2022\\\/12\\\/ITServices_ueberblick.jpg\",\"width\":2000,\"height\":1500},{\"@type\":\"BreadcrumbList\",\"@id\":\"https:\\\/\\\/snm-gmbh.com\\\/?page_id=14#breadcrumb\",\"itemListElement\":[{\"@type\":\"ListItem\",\"position\":1,\"name\":\"Startseite\",\"item\":\"https:\\\/\\\/snm-gmbh.com\\\/\"},{\"@type\":\"ListItem\",\"position\":2,\"name\":\"IT-Services \u00dcberblick\"}]},{\"@type\":\"WebSite\",\"@id\":\"https:\\\/\\\/snm-gmbh.com\\\/#website\",\"url\":\"https:\\\/\\\/snm-gmbh.com\\\/\",\"name\":\"software nach ma\u00df GmbH\",\"description\":\"\",\"publisher\":{\"@id\":\"https:\\\/\\\/snm-gmbh.com\\\/#organization\"},\"potentialAction\":[{\"@type\":\"SearchAction\",\"target\":{\"@type\":\"EntryPoint\",\"urlTemplate\":\"https:\\\/\\\/snm-gmbh.com\\\/?s={search_term_string}\"},\"query-input\":{\"@type\":\"PropertyValueSpecification\",\"valueRequired\":true,\"valueName\":\"search_term_string\"}}],\"inLanguage\":\"de\"},{\"@type\":\"Organization\",\"@id\":\"https:\\\/\\\/snm-gmbh.com\\\/#organization\",\"name\":\"software nach ma\u00df GmbH\",\"url\":\"https:\\\/\\\/snm-gmbh.com\\\/\",\"logo\":{\"@type\":\"ImageObject\",\"inLanguage\":\"de\",\"@id\":\"https:\\\/\\\/snm-gmbh.com\\\/#\\\/schema\\\/logo\\\/image\\\/\",\"url\":\"https:\\\/\\\/snm-gmbh.com\\\/wp-content\\\/uploads\\\/2022\\\/12\\\/logo_snm.png\",\"contentUrl\":\"https:\\\/\\\/snm-gmbh.com\\\/wp-content\\\/uploads\\\/2022\\\/12\\\/logo_snm.png\",\"width\":558,\"height\":270,\"caption\":\"software nach ma\u00df GmbH\"},\"image\":{\"@id\":\"https:\\\/\\\/snm-gmbh.com\\\/#\\\/schema\\\/logo\\\/image\\\/\"}}]}<\/script>\n<!-- \/ Yoast SEO plugin. -->","yoast_head_json":{"title":"IT-Services \u00dcberblick - software nach ma\u00df GmbH","robots":{"index":"index","follow":"follow","max-snippet":"max-snippet:-1","max-image-preview":"max-image-preview:large","max-video-preview":"max-video-preview:-1"},"canonical":"https:\/\/snm-gmbh.com\/?page_id=14","og_locale":"de_DE","og_type":"article","og_title":"IT-Services \u00dcberblick - software nach ma\u00df GmbH","og_description":"Wir unterst\u00fctzen Sie bei der Einf\u00fchrung von Netzwerk- und System- Anwendungen in einer Gesamtl\u00f6sung Von der Planung Ihrer IT- Infrastruktur nach Ihren Bed\u00fcrfnissen und Zielvorgaben bis hin zum fachgerechten Aufbau der gew\u00e4hlten L\u00f6sung. Auf Wunsch \u00fcbernehmen wir auch den Betrieb in unseren Rechenzentren und erm\u00f6glichen Ihnen ein transparentes Kostenmanagement. So stellen wir sicher, dass Ihr &hellip; IT-Services \u00dcberblick Weiterlesen &raquo;","og_url":"https:\/\/snm-gmbh.com\/?page_id=14","og_site_name":"software nach ma\u00df GmbH","article_modified_time":"2023-02-17T14:38:46+00:00","og_image":[{"url":"https:\/\/snm-gmbh.com\/wp-content\/uploads\/2022\/12\/ITServices_ueberblick.jpg","type":"","width":"","height":""}],"twitter_card":"summary_large_image","twitter_misc":{"Gesch\u00e4tzte Lesezeit":"2\u00a0Minuten"},"schema":{"@context":"https:\/\/schema.org","@graph":[{"@type":"WebPage","@id":"https:\/\/snm-gmbh.com\/?page_id=14","url":"https:\/\/snm-gmbh.com\/?page_id=14","name":"IT-Services \u00dcberblick - software nach ma\u00df GmbH","isPartOf":{"@id":"https:\/\/snm-gmbh.com\/#website"},"primaryImageOfPage":{"@id":"https:\/\/snm-gmbh.com\/?page_id=14#primaryimage"},"image":{"@id":"https:\/\/snm-gmbh.com\/?page_id=14#primaryimage"},"thumbnailUrl":"https:\/\/snm-gmbh.com\/wp-content\/uploads\/2022\/12\/ITServices_ueberblick.jpg","datePublished":"2022-12-15T13:35:04+00:00","dateModified":"2023-02-17T14:38:46+00:00","breadcrumb":{"@id":"https:\/\/snm-gmbh.com\/?page_id=14#breadcrumb"},"inLanguage":"de","potentialAction":[{"@type":"ReadAction","target":["https:\/\/snm-gmbh.com\/?page_id=14"]}]},{"@type":"ImageObject","inLanguage":"de","@id":"https:\/\/snm-gmbh.com\/?page_id=14#primaryimage","url":"https:\/\/snm-gmbh.com\/wp-content\/uploads\/2022\/12\/ITServices_ueberblick.jpg","contentUrl":"https:\/\/snm-gmbh.com\/wp-content\/uploads\/2022\/12\/ITServices_ueberblick.jpg","width":2000,"height":1500},{"@type":"BreadcrumbList","@id":"https:\/\/snm-gmbh.com\/?page_id=14#breadcrumb","itemListElement":[{"@type":"ListItem","position":1,"name":"Startseite","item":"https:\/\/snm-gmbh.com\/"},{"@type":"ListItem","position":2,"name":"IT-Services \u00dcberblick"}]},{"@type":"WebSite","@id":"https:\/\/snm-gmbh.com\/#website","url":"https:\/\/snm-gmbh.com\/","name":"software nach ma\u00df GmbH","description":"","publisher":{"@id":"https:\/\/snm-gmbh.com\/#organization"},"potentialAction":[{"@type":"SearchAction","target":{"@type":"EntryPoint","urlTemplate":"https:\/\/snm-gmbh.com\/?s={search_term_string}"},"query-input":{"@type":"PropertyValueSpecification","valueRequired":true,"valueName":"search_term_string"}}],"inLanguage":"de"},{"@type":"Organization","@id":"https:\/\/snm-gmbh.com\/#organization","name":"software nach ma\u00df GmbH","url":"https:\/\/snm-gmbh.com\/","logo":{"@type":"ImageObject","inLanguage":"de","@id":"https:\/\/snm-gmbh.com\/#\/schema\/logo\/image\/","url":"https:\/\/snm-gmbh.com\/wp-content\/uploads\/2022\/12\/logo_snm.png","contentUrl":"https:\/\/snm-gmbh.com\/wp-content\/uploads\/2022\/12\/logo_snm.png","width":558,"height":270,"caption":"software nach ma\u00df GmbH"},"image":{"@id":"https:\/\/snm-gmbh.com\/#\/schema\/logo\/image\/"}}]}},"_links":{"self":[{"href":"https:\/\/snm-gmbh.com\/index.php?rest_route=\/wp\/v2\/pages\/14","targetHints":{"allow":["GET"]}}],"collection":[{"href":"https:\/\/snm-gmbh.com\/index.php?rest_route=\/wp\/v2\/pages"}],"about":[{"href":"https:\/\/snm-gmbh.com\/index.php?rest_route=\/wp\/v2\/types\/page"}],"author":[{"embeddable":true,"href":"https:\/\/snm-gmbh.com\/index.php?rest_route=\/wp\/v2\/users\/1"}],"replies":[{"embeddable":true,"href":"https:\/\/snm-gmbh.com\/index.php?rest_route=%2Fwp%2Fv2%2Fcomments&post=14"}],"version-history":[{"count":7,"href":"https:\/\/snm-gmbh.com\/index.php?rest_route=\/wp\/v2\/pages\/14\/revisions"}],"predecessor-version":[{"id":531,"href":"https:\/\/snm-gmbh.com\/index.php?rest_route=\/wp\/v2\/pages\/14\/revisions\/531"}],"wp:attachment":[{"href":"https:\/\/snm-gmbh.com\/index.php?rest_route=%2Fwp%2Fv2%2Fmedia&parent=14"}],"curies":[{"name":"wp","href":"https:\/\/api.w.org\/{rel}","templated":true}]}}