{"id":2,"date":"2022-11-09T16:12:11","date_gmt":"2022-11-09T16:12:11","guid":{"rendered":"https:\/\/snm-gmbh.com\/?page_id=2"},"modified":"2024-01-08T16:31:56","modified_gmt":"2024-01-08T16:31:56","slug":"home","status":"publish","type":"page","link":"https:\/\/snm-gmbh.com\/","title":{"rendered":"Home"},"content":{"rendered":"\n<div class=\"wp-block-cover alignfull\" style=\"padding-top:0;padding-right:0;padding-bottom:0;padding-left:0\"><span aria-hidden=\"true\" class=\"wp-block-cover__background has-background-dim-0 has-background-dim\"><\/span><img loading=\"lazy\" decoding=\"async\" width=\"1920\" height=\"1080\" class=\"wp-block-cover__image-background wp-image-47\" alt=\"\" src=\"https:\/\/snm-gmbh.com\/wp-content\/uploads\/2022\/12\/Home.jpg\" data-object-fit=\"cover\" srcset=\"https:\/\/snm-gmbh.com\/wp-content\/uploads\/2022\/12\/Home.jpg 1920w, https:\/\/snm-gmbh.com\/wp-content\/uploads\/2022\/12\/Home-300x169.jpg 300w, https:\/\/snm-gmbh.com\/wp-content\/uploads\/2022\/12\/Home-1024x576.jpg 1024w, https:\/\/snm-gmbh.com\/wp-content\/uploads\/2022\/12\/Home-768x432.jpg 768w, https:\/\/snm-gmbh.com\/wp-content\/uploads\/2022\/12\/Home-1536x864.jpg 1536w\" sizes=\"auto, (max-width: 1920px) 100vw, 1920px\" \/><div class=\"wp-block-cover__inner-container is-layout-flow wp-block-cover-is-layout-flow\">\n<h3 class=\"wp-block-heading has-text-align-center has-x-large-font-size\" style=\"font-style:normal;font-weight:500\">IT-Dienstleistung &amp; Softwareentwicklung<\/h3>\n\n\n\n<hr class=\"wp-block-separator aligncenter has-text-color has-ast-global-color-5-color has-alpha-channel-opacity has-ast-global-color-5-background-color has-background is-style-default\" style=\"margin-top:var(--wp--preset--spacing--40);margin-bottom:var(--wp--preset--spacing--40)\"\/>\n\n\n\n<p class=\"has-text-align-center\" style=\"font-size:16px\">Die Schaffung von hochperformanter IT-Infrastruktur und Softwareentwicklung sind unsere Leidenschaft. Wir unterst\u00fctzen unsere Kunden durch unsere IT-Dienstleistungen bei der Entwicklung gesch\u00e4ftskritischer Software oder in Fragen der Infrastruktur und Netzwerkl\u00f6sungen.<\/p>\n<\/div><\/div>\n","protected":false},"excerpt":{"rendered":"","protected":false},"author":1,"featured_media":0,"parent":0,"menu_order":0,"comment_status":"closed","ping_status":"closed","template":"","meta":{"site-sidebar-layout":"default","site-content-layout":"","ast-site-content-layout":"default","site-content-style":"default","site-sidebar-style":"default","ast-global-header-display":"","ast-banner-title-visibility":"","ast-main-header-display":"","ast-hfb-above-header-display":"","ast-hfb-below-header-display":"","ast-hfb-mobile-header-display":"","site-post-title":"disabled","ast-breadcrumbs-content":"","ast-featured-img":"","footer-sml-layout":"","theme-transparent-header-meta":"","adv-header-id-meta":"","stick-header-meta":"","header-above-stick-meta":"","header-main-stick-meta":"","header-below-stick-meta":"","astra-migrate-meta-layouts":"set","footnotes":""},"class_list":["post-2","page","type-page","status-publish","hentry"],"yoast_head":"<!-- This site is optimized with the Yoast SEO plugin v27.5 - https:\/\/yoast.com\/product\/yoast-seo-wordpress\/ -->\n<title>Home - software nach ma\u00df GmbH<\/title>\n<meta name=\"robots\" content=\"index, follow, max-snippet:-1, max-image-preview:large, max-video-preview:-1\" \/>\n<link rel=\"canonical\" href=\"https:\/\/snm-gmbh.com\/\" \/>\n<meta property=\"og:locale\" content=\"de_DE\" \/>\n<meta property=\"og:type\" content=\"article\" \/>\n<meta property=\"og:title\" content=\"Home - software nach ma\u00df GmbH\" \/>\n<meta property=\"og:url\" content=\"https:\/\/snm-gmbh.com\/\" \/>\n<meta property=\"og:site_name\" content=\"software nach ma\u00df GmbH\" \/>\n<meta property=\"article:modified_time\" content=\"2024-01-08T16:31:56+00:00\" \/>\n<meta property=\"og:image\" content=\"https:\/\/snm-gmbh.com\/wp-content\/uploads\/2022\/12\/Home.jpg\" \/>\n<meta name=\"twitter:card\" content=\"summary_large_image\" \/>\n<meta name=\"twitter:label1\" content=\"Gesch\u00e4tzte Lesezeit\" \/>\n\t<meta name=\"twitter:data1\" content=\"1\u00a0Minute\" \/>\n<script type=\"application\/ld+json\" class=\"yoast-schema-graph\">{\"@context\":\"https:\\\/\\\/schema.org\",\"@graph\":[{\"@type\":\"WebPage\",\"@id\":\"https:\\\/\\\/snm-gmbh.com\\\/\",\"url\":\"https:\\\/\\\/snm-gmbh.com\\\/\",\"name\":\"Home - software nach ma\u00df GmbH\",\"isPartOf\":{\"@id\":\"https:\\\/\\\/snm-gmbh.com\\\/#website\"},\"primaryImageOfPage\":{\"@id\":\"https:\\\/\\\/snm-gmbh.com\\\/#primaryimage\"},\"image\":{\"@id\":\"https:\\\/\\\/snm-gmbh.com\\\/#primaryimage\"},\"thumbnailUrl\":\"https:\\\/\\\/snm-gmbh.com\\\/wp-content\\\/uploads\\\/2022\\\/12\\\/Home.jpg\",\"datePublished\":\"2022-11-09T16:12:11+00:00\",\"dateModified\":\"2024-01-08T16:31:56+00:00\",\"breadcrumb\":{\"@id\":\"https:\\\/\\\/snm-gmbh.com\\\/#breadcrumb\"},\"inLanguage\":\"de\",\"potentialAction\":[{\"@type\":\"ReadAction\",\"target\":[\"https:\\\/\\\/snm-gmbh.com\\\/\"]}]},{\"@type\":\"ImageObject\",\"inLanguage\":\"de\",\"@id\":\"https:\\\/\\\/snm-gmbh.com\\\/#primaryimage\",\"url\":\"https:\\\/\\\/snm-gmbh.com\\\/wp-content\\\/uploads\\\/2022\\\/12\\\/Home.jpg\",\"contentUrl\":\"https:\\\/\\\/snm-gmbh.com\\\/wp-content\\\/uploads\\\/2022\\\/12\\\/Home.jpg\",\"width\":1920,\"height\":1080},{\"@type\":\"BreadcrumbList\",\"@id\":\"https:\\\/\\\/snm-gmbh.com\\\/#breadcrumb\",\"itemListElement\":[{\"@type\":\"ListItem\",\"position\":1,\"name\":\"Startseite\",\"item\":\"https:\\\/\\\/snm-gmbh.com\\\/\"},{\"@type\":\"ListItem\",\"position\":2,\"name\":\"Home\"}]},{\"@type\":\"WebSite\",\"@id\":\"https:\\\/\\\/snm-gmbh.com\\\/#website\",\"url\":\"https:\\\/\\\/snm-gmbh.com\\\/\",\"name\":\"software nach ma\u00df GmbH\",\"description\":\"\",\"publisher\":{\"@id\":\"https:\\\/\\\/snm-gmbh.com\\\/#organization\"},\"potentialAction\":[{\"@type\":\"SearchAction\",\"target\":{\"@type\":\"EntryPoint\",\"urlTemplate\":\"https:\\\/\\\/snm-gmbh.com\\\/?s={search_term_string}\"},\"query-input\":{\"@type\":\"PropertyValueSpecification\",\"valueRequired\":true,\"valueName\":\"search_term_string\"}}],\"inLanguage\":\"de\"},{\"@type\":\"Organization\",\"@id\":\"https:\\\/\\\/snm-gmbh.com\\\/#organization\",\"name\":\"software nach ma\u00df GmbH\",\"url\":\"https:\\\/\\\/snm-gmbh.com\\\/\",\"logo\":{\"@type\":\"ImageObject\",\"inLanguage\":\"de\",\"@id\":\"https:\\\/\\\/snm-gmbh.com\\\/#\\\/schema\\\/logo\\\/image\\\/\",\"url\":\"https:\\\/\\\/snm-gmbh.com\\\/wp-content\\\/uploads\\\/2022\\\/12\\\/logo_snm.png\",\"contentUrl\":\"https:\\\/\\\/snm-gmbh.com\\\/wp-content\\\/uploads\\\/2022\\\/12\\\/logo_snm.png\",\"width\":558,\"height\":270,\"caption\":\"software nach ma\u00df GmbH\"},\"image\":{\"@id\":\"https:\\\/\\\/snm-gmbh.com\\\/#\\\/schema\\\/logo\\\/image\\\/\"}}]}<\/script>\n<!-- \/ Yoast SEO plugin. -->","yoast_head_json":{"title":"Home - software nach ma\u00df GmbH","robots":{"index":"index","follow":"follow","max-snippet":"max-snippet:-1","max-image-preview":"max-image-preview:large","max-video-preview":"max-video-preview:-1"},"canonical":"https:\/\/snm-gmbh.com\/","og_locale":"de_DE","og_type":"article","og_title":"Home - software nach ma\u00df GmbH","og_url":"https:\/\/snm-gmbh.com\/","og_site_name":"software nach ma\u00df GmbH","article_modified_time":"2024-01-08T16:31:56+00:00","og_image":[{"url":"https:\/\/snm-gmbh.com\/wp-content\/uploads\/2022\/12\/Home.jpg","type":"","width":"","height":""}],"twitter_card":"summary_large_image","twitter_misc":{"Gesch\u00e4tzte Lesezeit":"1\u00a0Minute"},"schema":{"@context":"https:\/\/schema.org","@graph":[{"@type":"WebPage","@id":"https:\/\/snm-gmbh.com\/","url":"https:\/\/snm-gmbh.com\/","name":"Home - software nach ma\u00df GmbH","isPartOf":{"@id":"https:\/\/snm-gmbh.com\/#website"},"primaryImageOfPage":{"@id":"https:\/\/snm-gmbh.com\/#primaryimage"},"image":{"@id":"https:\/\/snm-gmbh.com\/#primaryimage"},"thumbnailUrl":"https:\/\/snm-gmbh.com\/wp-content\/uploads\/2022\/12\/Home.jpg","datePublished":"2022-11-09T16:12:11+00:00","dateModified":"2024-01-08T16:31:56+00:00","breadcrumb":{"@id":"https:\/\/snm-gmbh.com\/#breadcrumb"},"inLanguage":"de","potentialAction":[{"@type":"ReadAction","target":["https:\/\/snm-gmbh.com\/"]}]},{"@type":"ImageObject","inLanguage":"de","@id":"https:\/\/snm-gmbh.com\/#primaryimage","url":"https:\/\/snm-gmbh.com\/wp-content\/uploads\/2022\/12\/Home.jpg","contentUrl":"https:\/\/snm-gmbh.com\/wp-content\/uploads\/2022\/12\/Home.jpg","width":1920,"height":1080},{"@type":"BreadcrumbList","@id":"https:\/\/snm-gmbh.com\/#breadcrumb","itemListElement":[{"@type":"ListItem","position":1,"name":"Startseite","item":"https:\/\/snm-gmbh.com\/"},{"@type":"ListItem","position":2,"name":"Home"}]},{"@type":"WebSite","@id":"https:\/\/snm-gmbh.com\/#website","url":"https:\/\/snm-gmbh.com\/","name":"software nach ma\u00df GmbH","description":"","publisher":{"@id":"https:\/\/snm-gmbh.com\/#organization"},"potentialAction":[{"@type":"SearchAction","target":{"@type":"EntryPoint","urlTemplate":"https:\/\/snm-gmbh.com\/?s={search_term_string}"},"query-input":{"@type":"PropertyValueSpecification","valueRequired":true,"valueName":"search_term_string"}}],"inLanguage":"de"},{"@type":"Organization","@id":"https:\/\/snm-gmbh.com\/#organization","name":"software nach ma\u00df GmbH","url":"https:\/\/snm-gmbh.com\/","logo":{"@type":"ImageObject","inLanguage":"de","@id":"https:\/\/snm-gmbh.com\/#\/schema\/logo\/image\/","url":"https:\/\/snm-gmbh.com\/wp-content\/uploads\/2022\/12\/logo_snm.png","contentUrl":"https:\/\/snm-gmbh.com\/wp-content\/uploads\/2022\/12\/logo_snm.png","width":558,"height":270,"caption":"software nach ma\u00df GmbH"},"image":{"@id":"https:\/\/snm-gmbh.com\/#\/schema\/logo\/image\/"}}]}},"_links":{"self":[{"href":"https:\/\/snm-gmbh.com\/index.php?rest_route=\/wp\/v2\/pages\/2","targetHints":{"allow":["GET"]}}],"collection":[{"href":"https:\/\/snm-gmbh.com\/index.php?rest_route=\/wp\/v2\/pages"}],"about":[{"href":"https:\/\/snm-gmbh.com\/index.php?rest_route=\/wp\/v2\/types\/page"}],"author":[{"embeddable":true,"href":"https:\/\/snm-gmbh.com\/index.php?rest_route=\/wp\/v2\/users\/1"}],"replies":[{"embeddable":true,"href":"https:\/\/snm-gmbh.com\/index.php?rest_route=%2Fwp%2Fv2%2Fcomments&post=2"}],"version-history":[{"count":25,"href":"https:\/\/snm-gmbh.com\/index.php?rest_route=\/wp\/v2\/pages\/2\/revisions"}],"predecessor-version":[{"id":628,"href":"https:\/\/snm-gmbh.com\/index.php?rest_route=\/wp\/v2\/pages\/2\/revisions\/628"}],"wp:attachment":[{"href":"https:\/\/snm-gmbh.com\/index.php?rest_route=%2Fwp%2Fv2%2Fmedia&parent=2"}],"curies":[{"name":"wp","href":"https:\/\/api.w.org\/{rel}","templated":true}]}}