{"id":24,"date":"2022-12-15T13:39:03","date_gmt":"2022-12-15T13:39:03","guid":{"rendered":"https:\/\/snm-gmbh.com\/?page_id=24"},"modified":"2023-02-27T09:03:52","modified_gmt":"2023-02-27T09:03:52","slug":"impressum","status":"publish","type":"page","link":"https:\/\/snm-gmbh.com\/?page_id=24","title":{"rendered":"Impressum"},"content":{"rendered":"\n<div class=\"wp-block-cover alignfull\"><span aria-hidden=\"true\" class=\"wp-block-cover__background has-background-dim\"><\/span><img loading=\"lazy\" decoding=\"async\" width=\"1920\" height=\"1080\" class=\"wp-block-cover__image-background wp-image-47\" alt=\"\" src=\"https:\/\/snm-gmbh.com\/wp-content\/uploads\/2022\/12\/Home.jpg\" data-object-fit=\"cover\" srcset=\"https:\/\/snm-gmbh.com\/wp-content\/uploads\/2022\/12\/Home.jpg 1920w, https:\/\/snm-gmbh.com\/wp-content\/uploads\/2022\/12\/Home-300x169.jpg 300w, https:\/\/snm-gmbh.com\/wp-content\/uploads\/2022\/12\/Home-1024x576.jpg 1024w, https:\/\/snm-gmbh.com\/wp-content\/uploads\/2022\/12\/Home-768x432.jpg 768w, https:\/\/snm-gmbh.com\/wp-content\/uploads\/2022\/12\/Home-1536x864.jpg 1536w\" sizes=\"auto, (max-width: 1920px) 100vw, 1920px\" \/><div class=\"wp-block-cover__inner-container is-layout-flow wp-block-cover-is-layout-flow\">\n<p class=\"has-text-align-center has-x-large-font-size\" style=\"font-style:normal;font-weight:600;text-decoration:underline\">Impressum<\/p>\n<\/div><\/div>\n\n\n\n<h3 class=\"has-large-font-size wp-block-heading\" style=\"font-style:normal;font-weight:600\"><br>Impressum<\/h3>\n\n\n\n<p><strong>software nach ma\u00df GmbH<\/strong><br>Uwe Kreutz<br>Gesch\u00e4ftsf\u00fchrender Gesellschafter<\/p>\n\n\n\n<p>Otto-Hahn-Stra\u00dfe 46<br>63303 Dreieich<\/p>\n\n\n\n<figure class=\"wp-block-image size-full\"><a href=\"https:\/\/www.google.com\/maps\/place\/Otto-Hahn-Stra%C3%9Fe+46,+63303+Dreieich\/@50.0275383,8.7093938,17z\/data=!3m1!4b1!4m6!3m5!1s0x47bd0d31eca80b27:0x5bc3f401df05202d!8m2!3d50.0275383!4d8.7093938!16s%2Fg%2F11bw3zpbbf?coh=164777&amp;entry=tt\"><img loading=\"lazy\" decoding=\"async\" width=\"57\" height=\"49\" src=\"https:\/\/snm-gmbh.com\/wp-content\/uploads\/2023\/02\/maps-3.png\" alt=\"\" class=\"wp-image-519\"\/><\/a><figcaption class=\"wp-element-caption\"><a href=\"https:\/\/www.google.com\/maps\/place\/Otto-Hahn-Stra%C3%9Fe+46,+63303+Dreieich\/@50.0275383,8.7093938,17z\/data=!3m1!4b1!4m6!3m5!1s0x47bd0d31eca80b27:0x5bc3f401df05202d!8m2!3d50.0275383!4d8.7093938!16s%2Fg%2F11bw3zpbbf?coh=164777&amp;entry=tt\">Google-Maps<\/a><\/figcaption><\/figure>\n\n\n\n<p>Telefon:\u00a0+49 69 2475 464-0<br>Fax.: +49 69 2475 464-21<br><br>Internet: <a href=\"https:\/\/www.snm-gmbh.com\/\">https:\/\/www.snm-gmbh.com<\/a><\/p>\n\n\n\n<p>Gesch\u00e4ftsf\u00fchrer: Uwe Kreutz<br>Sitz der Gesellschaft Offenbach am Main, Amtsgericht Offenbach am Main HRB 55344<br>USt-IdNr.: DE316709340<\/p>\n\n\n\n<h3 class=\"has-large-font-size wp-block-heading\" style=\"font-style:normal;font-weight:600\">Haftungsausschluss<\/h3>\n\n\n\n<p><strong>Rechtlicher Hinweis:<\/strong><br><br>Im Falle von Domainstreitigkeiten, wettbewerbsrechtlicher, inhaltlicher oder \u00e4hnlicher Probleme bitten wir Sie, uns zur Vermeidung unn\u00f6tiger Rechtsstreite und Kosten bereits im Vorfeld zu kontaktieren. Die Kostennote einer anwaltlichen Abmahnung ohne vorhergehende Kontaktaufnahme mit dem Inhaber wird im Sinne der Schadensminderungspflicht als unbegr\u00fcndet zur\u00fcckgewiesen.<br><br><strong>Haftungsausschluss<\/strong><br><br><strong>1. Inhalt des Onlineangebotes<\/strong><br>Der Autor \u00fcbernimmt keinerlei Gew\u00e4hr f\u00fcr die Aktualit\u00e4t, Korrektheit, Vollst\u00e4ndigkeit oder Qualit\u00e4t der bereitgestellten Informationen. Haftungsanspr\u00fcche gegen den Autor, welche sich auf Sch\u00e4den materieller oder ideeller Art beziehen, die durch die Nutzung oder Nichtnutzung der dargebotenen Informationen bzw. durch die Nutzung fehlerhafter und unvollst\u00e4ndiger Informationen verursacht wurden, sind grunds\u00e4tzlich ausgeschlossen, sofern seitens des Autors kein nachweislich vors\u00e4tzliches oder grob fahrl\u00e4ssiges Verschulden vorliegt.<br><br>Alle Angebote sind freibleibend und unverbindlich. Der Autor beh\u00e4lt es sich ausdr\u00fccklich vor, Teile der Seiten oder das gesamte Angebot ohne gesonderte Ank\u00fcndigung zu ver\u00e4ndern, zu erg\u00e4nzen, zu l\u00f6schen oder die Ver\u00f6ffentlichung zeitweise oder endg\u00fcltig einzustellen.<br><br><strong>2. Verweise und Links<\/strong><br>Bei direkten oder indirekten Verweisen auf fremde Webseiten (&#8222;Hyperlinks&#8220;), die au\u00dferhalb des Verantwortungsbereiches des Autors liegen, w\u00fcrde eine Haftungsverpflichtung ausschlie\u00dflich in dem Fall in Kraft treten, in dem der Autor von den Inhalten Kenntnis hat und es ihm technisch m\u00f6glich und zumutbar w\u00e4re, die Nutzung im Falle rechtswidriger Inhalte zu verhindern.<br><br>Der Autor erkl\u00e4rt hiermit ausdr\u00fccklich, dass zum Zeitpunkt der Linksetzung keine illegalen Inhalte auf den zu verlinkenden Seiten erkennbar waren. Auf die aktuelle und zuk\u00fcnftige Gestaltung, die Inhalte oder die Urheberschaft der verlinkten \/ verkn\u00fcpften Seiten hat der Autor keinerlei Einfluss. Deshalb distanziert er sich hiermit ausdr\u00fccklich von allen Inhalten aller verlinkten \/ verkn\u00fcpften Seiten, die nach der Linksetzung ver\u00e4ndert wurden. Diese Feststellung gilt f\u00fcr alle innerhalb des eigenen Internetangebotes gesetzten Links und Verweise sowie f\u00fcr Fremdeintr\u00e4ge in vom Autor eingerichteten G\u00e4steb\u00fcchern, Diskussionsforen, Linkverzeichnissen, Mailinglisten und in allen anderen Formen von Datenbanken, auf deren Inhalt externe Schreibzugriffe m\u00f6glich sind. F\u00fcr illegale, fehlerhafte oder unvollst\u00e4ndige Inhalte und insbesondere f\u00fcr Sch\u00e4den, die aus der Nutzung oder Nichtnutzung solcherart dargebotener Informationen entstehen, haftet allein der Anbieter der Seite, auf welche verwiesen wurde, nicht derjenige, der \u00fcbe Links auf die jeweilige Ver\u00f6ffentlichung lediglich verweist.<br><br><strong>3. Urheber- und Kennzeichenrecht<\/strong><br>Der Autor ist bestrebt, in allen Publikationen die Urheberrechte der verwendeten Grafiken, Tondokumente, Videosequenzen und Texte zu beachten, von ihm selbst erstellte Grafiken, Tondokumente, Videosequenzen und Texte zu nutzen oder auf lizenzfreie Grafiken, Tondokumente, Videosequenzen und Texte zur\u00fcckzugreifen.<br><br>Alle innerhalb des Internetangebotes genannten und ggf. durch Dritte gesch\u00fctzten Marken- und Warenzeichen unterliegen uneingeschr\u00e4nkt den Bestimmungen des jeweils g\u00fcltigen Kennzeichenrechts und den Besitzrechten der jeweiligen eingetragenen Eigent\u00fcmer. Allein aufgrund der blo\u00dfen Nennung ist nicht der Schluss zu ziehen, dass Markenzeichen nicht durch Rechte Dritter gesch\u00fctzt sind! Das Copyright f\u00fcr ver\u00f6ffentlichte, vom Autor selbst erstellte Objekte bleibt allein beim Autor der Seiten. Eine Vervielf\u00e4ltigung oder Verwendung solcher Grafiken, Tondokumente, Videosequenzen und Texte in anderen elektronischen oder gedruckten Publikationen ist ohne ausdr\u00fcckliche Zustimmung des Autors nicht gestattet.<br><br><strong>4. Datenschutz<\/strong><br>Siehe&nbsp;<a href=\"https:\/\/snm-gmbh.com\/?page_id=3\" target=\"_blank\" rel=\"noreferrer noopener\">Datenschutz<\/a><br><br><strong>5. Rechtswirksamkeit dieses Haftungsausschlusses<\/strong><br>Dieser Haftungsausschluss ist als Teil des Internetangebotes zu betrachten, von dem aus auf diese Seite verwiesen wurde. Sofern Teile oder einzelne Formulierungen dieses Textes der geltenden Rechtslage nicht, nicht mehr oder nicht vollst\u00e4ndig entsprechen sollten, bleiben die \u00fcbrigen Teile des Dokumentes in ihrem Inhalt und ihrer G\u00fcltigkeit davon unber\u00fchrt.<br><br><strong>Links zu anderen Websites<\/strong><br>Das Online-Angebot enth\u00e4lt Links zu anderen Websites. Wir haben keinen Einfluss darauf, dass deren Betreiber die Datenschutzbestimmungen einhalten.&nbsp;<br><br>Die software nach ma\u00df GmbH ist als Anbieter f\u00fcr eigene Inhalte nach den allgemeinen Gesetzen verantwortlich. Von diesen eigenen Inhalten sind u.U. &#8222;Links&#8220; auf die von anderen Anbietern bereitgehaltenen Inhalte zu unterscheiden. F\u00fcr fremde Inhalte, die \u00fcber Links zur Nutzung bereitgestellt werden und besonders gekennzeichnet sind, \u00fcbernimmt die&nbsp;software nach ma\u00df GmbH&nbsp;keine Verantwortung und macht sich deren Inhalt nicht zu Eigen. F\u00fcr illegale, fehlerhafte oder unvollst\u00e4ndige Inhalte sowie f\u00fcr Sch\u00e4den, die durch die Nutzung oder Nichtnutzung der Informationen entstehen, haftet allein der Anbieter der Web-Site, auf die verwiesen wurde. F\u00fcr fremde Hinweise ist die Redaktion nur dann verantwortlich, wenn sie von Ihnen, d.h. auch von einem eventuellen rechtswidrigen bzw. strafbaren Inhalt, positive Kenntnis hat, und es technisch m\u00f6glich und zumutbar ist, deren Nutzung zu verhindern.<\/p>\n","protected":false},"excerpt":{"rendered":"<p>Impressum software nach ma\u00df GmbHUwe KreutzGesch\u00e4ftsf\u00fchrender Gesellschafter Otto-Hahn-Stra\u00dfe 4663303 Dreieich Telefon:\u00a0+49 69 2475 464-0Fax.: +49 69 2475 464-21 Internet: https:\/\/www.snm-gmbh.com Gesch\u00e4ftsf\u00fchrer: Uwe KreutzSitz der Gesellschaft Offenbach am Main, Amtsgericht Offenbach am Main HRB 55344USt-IdNr.: DE316709340 Haftungsausschluss Rechtlicher Hinweis: Im Falle von Domainstreitigkeiten, wettbewerbsrechtlicher, inhaltlicher oder \u00e4hnlicher Probleme bitten wir Sie, uns zur Vermeidung unn\u00f6tiger Rechtsstreite &hellip;<\/p>\n<p class=\"read-more\"> <a class=\"\" href=\"https:\/\/snm-gmbh.com\/?page_id=24\"> <span class=\"screen-reader-text\">Impressum<\/span> Weiterlesen &raquo;<\/a><\/p>\n","protected":false},"author":1,"featured_media":0,"parent":0,"menu_order":0,"comment_status":"closed","ping_status":"closed","template":"","meta":{"site-sidebar-layout":"default","site-content-layout":"","ast-site-content-layout":"","site-content-style":"default","site-sidebar-style":"default","ast-global-header-display":"","ast-banner-title-visibility":"","ast-main-header-display":"","ast-hfb-above-header-display":"","ast-hfb-below-header-display":"","ast-hfb-mobile-header-display":"","site-post-title":"disabled","ast-breadcrumbs-content":"","ast-featured-img":"","footer-sml-layout":"","theme-transparent-header-meta":"","adv-header-id-meta":"","stick-header-meta":"","header-above-stick-meta":"","header-main-stick-meta":"","header-below-stick-meta":"","astra-migrate-meta-layouts":"","footnotes":""},"class_list":["post-24","page","type-page","status-publish","hentry"],"yoast_head":"<!-- This site is optimized with the Yoast SEO plugin v27.3 - https:\/\/yoast.com\/product\/yoast-seo-wordpress\/ -->\n<title>Impressum - software nach ma\u00df GmbH<\/title>\n<meta name=\"robots\" content=\"index, follow, max-snippet:-1, max-image-preview:large, max-video-preview:-1\" \/>\n<link rel=\"canonical\" href=\"https:\/\/snm-gmbh.com\/?page_id=24\" \/>\n<meta property=\"og:locale\" content=\"de_DE\" \/>\n<meta property=\"og:type\" content=\"article\" \/>\n<meta property=\"og:title\" content=\"Impressum - software nach ma\u00df GmbH\" \/>\n<meta property=\"og:description\" content=\"Impressum software nach ma\u00df GmbHUwe KreutzGesch\u00e4ftsf\u00fchrender Gesellschafter Otto-Hahn-Stra\u00dfe 4663303 Dreieich Telefon:\u00a0+49 69 2475 464-0Fax.: +49 69 2475 464-21 Internet: https:\/\/www.snm-gmbh.com Gesch\u00e4ftsf\u00fchrer: Uwe KreutzSitz der Gesellschaft Offenbach am Main, Amtsgericht Offenbach am Main HRB 55344USt-IdNr.: DE316709340 Haftungsausschluss Rechtlicher Hinweis: Im Falle von Domainstreitigkeiten, wettbewerbsrechtlicher, inhaltlicher oder \u00e4hnlicher Probleme bitten wir Sie, uns zur Vermeidung unn\u00f6tiger Rechtsstreite &hellip; Impressum Weiterlesen &raquo;\" \/>\n<meta property=\"og:url\" content=\"https:\/\/snm-gmbh.com\/?page_id=24\" \/>\n<meta property=\"og:site_name\" content=\"software nach ma\u00df GmbH\" \/>\n<meta property=\"article:modified_time\" content=\"2023-02-27T09:03:52+00:00\" \/>\n<meta property=\"og:image\" content=\"https:\/\/snm-gmbh.com\/wp-content\/uploads\/2022\/12\/Home.jpg\" \/>\n<meta name=\"twitter:card\" content=\"summary_large_image\" \/>\n<meta name=\"twitter:label1\" content=\"Gesch\u00e4tzte Lesezeit\" \/>\n\t<meta name=\"twitter:data1\" content=\"5\u00a0Minuten\" \/>\n<script type=\"application\/ld+json\" class=\"yoast-schema-graph\">{\"@context\":\"https:\\\/\\\/schema.org\",\"@graph\":[{\"@type\":\"WebPage\",\"@id\":\"https:\\\/\\\/snm-gmbh.com\\\/?page_id=24\",\"url\":\"https:\\\/\\\/snm-gmbh.com\\\/?page_id=24\",\"name\":\"Impressum - software nach ma\u00df GmbH\",\"isPartOf\":{\"@id\":\"https:\\\/\\\/snm-gmbh.com\\\/#website\"},\"primaryImageOfPage\":{\"@id\":\"https:\\\/\\\/snm-gmbh.com\\\/?page_id=24#primaryimage\"},\"image\":{\"@id\":\"https:\\\/\\\/snm-gmbh.com\\\/?page_id=24#primaryimage\"},\"thumbnailUrl\":\"https:\\\/\\\/snm-gmbh.com\\\/wp-content\\\/uploads\\\/2022\\\/12\\\/Home.jpg\",\"datePublished\":\"2022-12-15T13:39:03+00:00\",\"dateModified\":\"2023-02-27T09:03:52+00:00\",\"breadcrumb\":{\"@id\":\"https:\\\/\\\/snm-gmbh.com\\\/?page_id=24#breadcrumb\"},\"inLanguage\":\"de\",\"potentialAction\":[{\"@type\":\"ReadAction\",\"target\":[\"https:\\\/\\\/snm-gmbh.com\\\/?page_id=24\"]}]},{\"@type\":\"ImageObject\",\"inLanguage\":\"de\",\"@id\":\"https:\\\/\\\/snm-gmbh.com\\\/?page_id=24#primaryimage\",\"url\":\"https:\\\/\\\/snm-gmbh.com\\\/wp-content\\\/uploads\\\/2022\\\/12\\\/Home.jpg\",\"contentUrl\":\"https:\\\/\\\/snm-gmbh.com\\\/wp-content\\\/uploads\\\/2022\\\/12\\\/Home.jpg\",\"width\":1920,\"height\":1080},{\"@type\":\"BreadcrumbList\",\"@id\":\"https:\\\/\\\/snm-gmbh.com\\\/?page_id=24#breadcrumb\",\"itemListElement\":[{\"@type\":\"ListItem\",\"position\":1,\"name\":\"Startseite\",\"item\":\"https:\\\/\\\/snm-gmbh.com\\\/\"},{\"@type\":\"ListItem\",\"position\":2,\"name\":\"Impressum\"}]},{\"@type\":\"WebSite\",\"@id\":\"https:\\\/\\\/snm-gmbh.com\\\/#website\",\"url\":\"https:\\\/\\\/snm-gmbh.com\\\/\",\"name\":\"software nach ma\u00df GmbH\",\"description\":\"\",\"publisher\":{\"@id\":\"https:\\\/\\\/snm-gmbh.com\\\/#organization\"},\"potentialAction\":[{\"@type\":\"SearchAction\",\"target\":{\"@type\":\"EntryPoint\",\"urlTemplate\":\"https:\\\/\\\/snm-gmbh.com\\\/?s={search_term_string}\"},\"query-input\":{\"@type\":\"PropertyValueSpecification\",\"valueRequired\":true,\"valueName\":\"search_term_string\"}}],\"inLanguage\":\"de\"},{\"@type\":\"Organization\",\"@id\":\"https:\\\/\\\/snm-gmbh.com\\\/#organization\",\"name\":\"software nach ma\u00df GmbH\",\"url\":\"https:\\\/\\\/snm-gmbh.com\\\/\",\"logo\":{\"@type\":\"ImageObject\",\"inLanguage\":\"de\",\"@id\":\"https:\\\/\\\/snm-gmbh.com\\\/#\\\/schema\\\/logo\\\/image\\\/\",\"url\":\"https:\\\/\\\/snm-gmbh.com\\\/wp-content\\\/uploads\\\/2022\\\/12\\\/logo_snm.png\",\"contentUrl\":\"https:\\\/\\\/snm-gmbh.com\\\/wp-content\\\/uploads\\\/2022\\\/12\\\/logo_snm.png\",\"width\":558,\"height\":270,\"caption\":\"software nach ma\u00df GmbH\"},\"image\":{\"@id\":\"https:\\\/\\\/snm-gmbh.com\\\/#\\\/schema\\\/logo\\\/image\\\/\"}}]}<\/script>\n<!-- \/ Yoast SEO plugin. -->","yoast_head_json":{"title":"Impressum - software nach ma\u00df GmbH","robots":{"index":"index","follow":"follow","max-snippet":"max-snippet:-1","max-image-preview":"max-image-preview:large","max-video-preview":"max-video-preview:-1"},"canonical":"https:\/\/snm-gmbh.com\/?page_id=24","og_locale":"de_DE","og_type":"article","og_title":"Impressum - software nach ma\u00df GmbH","og_description":"Impressum software nach ma\u00df GmbHUwe KreutzGesch\u00e4ftsf\u00fchrender Gesellschafter Otto-Hahn-Stra\u00dfe 4663303 Dreieich Telefon:\u00a0+49 69 2475 464-0Fax.: +49 69 2475 464-21 Internet: https:\/\/www.snm-gmbh.com Gesch\u00e4ftsf\u00fchrer: Uwe KreutzSitz der Gesellschaft Offenbach am Main, Amtsgericht Offenbach am Main HRB 55344USt-IdNr.: DE316709340 Haftungsausschluss Rechtlicher Hinweis: Im Falle von Domainstreitigkeiten, wettbewerbsrechtlicher, inhaltlicher oder \u00e4hnlicher Probleme bitten wir Sie, uns zur Vermeidung unn\u00f6tiger Rechtsstreite &hellip; Impressum Weiterlesen &raquo;","og_url":"https:\/\/snm-gmbh.com\/?page_id=24","og_site_name":"software nach ma\u00df GmbH","article_modified_time":"2023-02-27T09:03:52+00:00","og_image":[{"url":"https:\/\/snm-gmbh.com\/wp-content\/uploads\/2022\/12\/Home.jpg","type":"","width":"","height":""}],"twitter_card":"summary_large_image","twitter_misc":{"Gesch\u00e4tzte Lesezeit":"5\u00a0Minuten"},"schema":{"@context":"https:\/\/schema.org","@graph":[{"@type":"WebPage","@id":"https:\/\/snm-gmbh.com\/?page_id=24","url":"https:\/\/snm-gmbh.com\/?page_id=24","name":"Impressum - software nach ma\u00df GmbH","isPartOf":{"@id":"https:\/\/snm-gmbh.com\/#website"},"primaryImageOfPage":{"@id":"https:\/\/snm-gmbh.com\/?page_id=24#primaryimage"},"image":{"@id":"https:\/\/snm-gmbh.com\/?page_id=24#primaryimage"},"thumbnailUrl":"https:\/\/snm-gmbh.com\/wp-content\/uploads\/2022\/12\/Home.jpg","datePublished":"2022-12-15T13:39:03+00:00","dateModified":"2023-02-27T09:03:52+00:00","breadcrumb":{"@id":"https:\/\/snm-gmbh.com\/?page_id=24#breadcrumb"},"inLanguage":"de","potentialAction":[{"@type":"ReadAction","target":["https:\/\/snm-gmbh.com\/?page_id=24"]}]},{"@type":"ImageObject","inLanguage":"de","@id":"https:\/\/snm-gmbh.com\/?page_id=24#primaryimage","url":"https:\/\/snm-gmbh.com\/wp-content\/uploads\/2022\/12\/Home.jpg","contentUrl":"https:\/\/snm-gmbh.com\/wp-content\/uploads\/2022\/12\/Home.jpg","width":1920,"height":1080},{"@type":"BreadcrumbList","@id":"https:\/\/snm-gmbh.com\/?page_id=24#breadcrumb","itemListElement":[{"@type":"ListItem","position":1,"name":"Startseite","item":"https:\/\/snm-gmbh.com\/"},{"@type":"ListItem","position":2,"name":"Impressum"}]},{"@type":"WebSite","@id":"https:\/\/snm-gmbh.com\/#website","url":"https:\/\/snm-gmbh.com\/","name":"software nach ma\u00df GmbH","description":"","publisher":{"@id":"https:\/\/snm-gmbh.com\/#organization"},"potentialAction":[{"@type":"SearchAction","target":{"@type":"EntryPoint","urlTemplate":"https:\/\/snm-gmbh.com\/?s={search_term_string}"},"query-input":{"@type":"PropertyValueSpecification","valueRequired":true,"valueName":"search_term_string"}}],"inLanguage":"de"},{"@type":"Organization","@id":"https:\/\/snm-gmbh.com\/#organization","name":"software nach ma\u00df GmbH","url":"https:\/\/snm-gmbh.com\/","logo":{"@type":"ImageObject","inLanguage":"de","@id":"https:\/\/snm-gmbh.com\/#\/schema\/logo\/image\/","url":"https:\/\/snm-gmbh.com\/wp-content\/uploads\/2022\/12\/logo_snm.png","contentUrl":"https:\/\/snm-gmbh.com\/wp-content\/uploads\/2022\/12\/logo_snm.png","width":558,"height":270,"caption":"software nach ma\u00df GmbH"},"image":{"@id":"https:\/\/snm-gmbh.com\/#\/schema\/logo\/image\/"}}]}},"_links":{"self":[{"href":"https:\/\/snm-gmbh.com\/index.php?rest_route=\/wp\/v2\/pages\/24","targetHints":{"allow":["GET"]}}],"collection":[{"href":"https:\/\/snm-gmbh.com\/index.php?rest_route=\/wp\/v2\/pages"}],"about":[{"href":"https:\/\/snm-gmbh.com\/index.php?rest_route=\/wp\/v2\/types\/page"}],"author":[{"embeddable":true,"href":"https:\/\/snm-gmbh.com\/index.php?rest_route=\/wp\/v2\/users\/1"}],"replies":[{"embeddable":true,"href":"https:\/\/snm-gmbh.com\/index.php?rest_route=%2Fwp%2Fv2%2Fcomments&post=24"}],"version-history":[{"count":9,"href":"https:\/\/snm-gmbh.com\/index.php?rest_route=\/wp\/v2\/pages\/24\/revisions"}],"predecessor-version":[{"id":540,"href":"https:\/\/snm-gmbh.com\/index.php?rest_route=\/wp\/v2\/pages\/24\/revisions\/540"}],"wp:attachment":[{"href":"https:\/\/snm-gmbh.com\/index.php?rest_route=%2Fwp%2Fv2%2Fmedia&parent=24"}],"curies":[{"name":"wp","href":"https:\/\/api.w.org\/{rel}","templated":true}]}}