{"id":28,"date":"2022-12-15T13:41:23","date_gmt":"2022-12-15T13:41:23","guid":{"rendered":"https:\/\/snm-gmbh.com\/?page_id=28"},"modified":"2022-12-19T17:10:39","modified_gmt":"2022-12-19T17:10:39","slug":"referenzen","status":"publish","type":"page","link":"https:\/\/snm-gmbh.com\/?page_id=28","title":{"rendered":"Referenzen"},"content":{"rendered":"\n<div class=\"wp-block-cover alignfull\"><span aria-hidden=\"true\" class=\"wp-block-cover__background has-background-dim\"><\/span><img loading=\"lazy\" decoding=\"async\" width=\"1920\" height=\"1080\" class=\"wp-block-cover__image-background wp-image-47\" alt=\"\" src=\"https:\/\/snm-gmbh.com\/wp-content\/uploads\/2022\/12\/Home.jpg\" data-object-fit=\"cover\" srcset=\"https:\/\/snm-gmbh.com\/wp-content\/uploads\/2022\/12\/Home.jpg 1920w, https:\/\/snm-gmbh.com\/wp-content\/uploads\/2022\/12\/Home-300x169.jpg 300w, https:\/\/snm-gmbh.com\/wp-content\/uploads\/2022\/12\/Home-1024x576.jpg 1024w, https:\/\/snm-gmbh.com\/wp-content\/uploads\/2022\/12\/Home-768x432.jpg 768w, https:\/\/snm-gmbh.com\/wp-content\/uploads\/2022\/12\/Home-1536x864.jpg 1536w\" sizes=\"auto, (max-width: 1920px) 100vw, 1920px\" \/><div class=\"wp-block-cover__inner-container is-layout-flow wp-block-cover-is-layout-flow\">\n<p class=\"has-text-align-center has-x-large-font-size\" style=\"font-style:normal;font-weight:600;text-decoration:underline\">Referenzen<\/p>\n<\/div><\/div>\n\n\n\n<h3 class=\"has-text-align-center has-large-font-size wp-block-heading\" style=\"font-style:normal;font-weight:600\"><br>Projekte<\/h3>\n\n\n\n<p>F\u00fcr die Firma <a href=\"https:\/\/www.siemens.com\/de\/de.html\" target=\"_blank\" rel=\"noreferrer noopener\">Siemens AG<\/a> haben wir zum Beispiel Konfiguratoren f\u00fcr das Projektieren und Bestellen von Mittelspannungsschaltanlagen entwickelt (PSW). Hierbei werden komplette Bestellkataloge \u00fcber ein Programm abgebildet. Eine der gro\u00dfen Herausforderungen war und ist es die sehr komplexen Strukturen der Schaltanlagen und deren Ausschlie\u00dflichkeiten nachzubilden. Das Spektrum der Konfiguratoren reicht vom Angebotswesen in mehreren Sprachen, Preisfindung bis hin zur \u00dcbermittlung der SAP Konfigurationsdaten via Email an verschiedene Postf\u00e4cher, die dann die Bestellung im Werk ausl\u00f6sen. Ferner haben wir Excel &#8211; Tabellen entwickelt, die auf Knopfdruck, in verschiedenen Sprachen, Wiederverk\u00e4uferlisten f\u00fcr verschieden Kunden erstellen.<br><br>F\u00fcr die <a href=\"https:\/\/www.trifels.de\/\" target=\"_blank\" rel=\"noreferrer noopener\">Trifels Verlag GmbH<\/a> haben wir eine Oracle Datenbank f\u00fcr die Tour Nummern Verwaltung des Au\u00dfendienstes aufgebaut. In dieser Datenbank sind alle Orte postalisch erfasst, die zu dem Auflagen Gebiet des Verlages geh\u00f6ren. \u00dcber ein von uns entwickeltes Frontend k\u00f6nnen ganze Ort oder auch Teile einer Stra\u00dfe zu einer Tour Nummer zugeordnet werden.<\/p>\n","protected":false},"excerpt":{"rendered":"<p>Projekte F\u00fcr die Firma Siemens AG haben wir zum Beispiel Konfiguratoren f\u00fcr das Projektieren und Bestellen von Mittelspannungsschaltanlagen entwickelt (PSW). Hierbei werden komplette Bestellkataloge \u00fcber ein Programm abgebildet. Eine der gro\u00dfen Herausforderungen war und ist es die sehr komplexen Strukturen der Schaltanlagen und deren Ausschlie\u00dflichkeiten nachzubilden. Das Spektrum der Konfiguratoren reicht vom Angebotswesen in mehreren &hellip;<\/p>\n<p class=\"read-more\"> <a class=\"\" href=\"https:\/\/snm-gmbh.com\/?page_id=28\"> <span class=\"screen-reader-text\">Referenzen<\/span> Weiterlesen &raquo;<\/a><\/p>\n","protected":false},"author":1,"featured_media":0,"parent":0,"menu_order":0,"comment_status":"closed","ping_status":"closed","template":"","meta":{"site-sidebar-layout":"default","site-content-layout":"","ast-site-content-layout":"","site-content-style":"default","site-sidebar-style":"default","ast-global-header-display":"","ast-banner-title-visibility":"","ast-main-header-display":"","ast-hfb-above-header-display":"","ast-hfb-below-header-display":"","ast-hfb-mobile-header-display":"","site-post-title":"disabled","ast-breadcrumbs-content":"","ast-featured-img":"","footer-sml-layout":"","theme-transparent-header-meta":"","adv-header-id-meta":"","stick-header-meta":"","header-above-stick-meta":"","header-main-stick-meta":"","header-below-stick-meta":"","astra-migrate-meta-layouts":"","footnotes":""},"class_list":["post-28","page","type-page","status-publish","hentry"],"yoast_head":"<!-- This site is optimized with the Yoast SEO plugin v27.4 - https:\/\/yoast.com\/product\/yoast-seo-wordpress\/ -->\n<title>Referenzen - software nach ma\u00df GmbH<\/title>\n<meta name=\"robots\" content=\"index, follow, max-snippet:-1, max-image-preview:large, max-video-preview:-1\" \/>\n<link rel=\"canonical\" href=\"https:\/\/snm-gmbh.com\/?page_id=28\" \/>\n<meta property=\"og:locale\" content=\"de_DE\" \/>\n<meta property=\"og:type\" content=\"article\" \/>\n<meta property=\"og:title\" content=\"Referenzen - software nach ma\u00df GmbH\" \/>\n<meta property=\"og:description\" content=\"Projekte F\u00fcr die Firma Siemens AG haben wir zum Beispiel Konfiguratoren f\u00fcr das Projektieren und Bestellen von Mittelspannungsschaltanlagen entwickelt (PSW). Hierbei werden komplette Bestellkataloge \u00fcber ein Programm abgebildet. Eine der gro\u00dfen Herausforderungen war und ist es die sehr komplexen Strukturen der Schaltanlagen und deren Ausschlie\u00dflichkeiten nachzubilden. Das Spektrum der Konfiguratoren reicht vom Angebotswesen in mehreren &hellip; Referenzen Weiterlesen &raquo;\" \/>\n<meta property=\"og:url\" content=\"https:\/\/snm-gmbh.com\/?page_id=28\" \/>\n<meta property=\"og:site_name\" content=\"software nach ma\u00df GmbH\" \/>\n<meta property=\"article:modified_time\" content=\"2022-12-19T17:10:39+00:00\" \/>\n<meta property=\"og:image\" content=\"https:\/\/snm-gmbh.com\/wp-content\/uploads\/2022\/12\/Home.jpg\" \/>\n<meta name=\"twitter:card\" content=\"summary_large_image\" \/>\n<meta name=\"twitter:label1\" content=\"Gesch\u00e4tzte Lesezeit\" \/>\n\t<meta name=\"twitter:data1\" content=\"2\u00a0Minuten\" \/>\n<script type=\"application\/ld+json\" class=\"yoast-schema-graph\">{\"@context\":\"https:\\\/\\\/schema.org\",\"@graph\":[{\"@type\":\"WebPage\",\"@id\":\"https:\\\/\\\/snm-gmbh.com\\\/?page_id=28\",\"url\":\"https:\\\/\\\/snm-gmbh.com\\\/?page_id=28\",\"name\":\"Referenzen - software nach ma\u00df GmbH\",\"isPartOf\":{\"@id\":\"https:\\\/\\\/snm-gmbh.com\\\/#website\"},\"primaryImageOfPage\":{\"@id\":\"https:\\\/\\\/snm-gmbh.com\\\/?page_id=28#primaryimage\"},\"image\":{\"@id\":\"https:\\\/\\\/snm-gmbh.com\\\/?page_id=28#primaryimage\"},\"thumbnailUrl\":\"https:\\\/\\\/snm-gmbh.com\\\/wp-content\\\/uploads\\\/2022\\\/12\\\/Home.jpg\",\"datePublished\":\"2022-12-15T13:41:23+00:00\",\"dateModified\":\"2022-12-19T17:10:39+00:00\",\"breadcrumb\":{\"@id\":\"https:\\\/\\\/snm-gmbh.com\\\/?page_id=28#breadcrumb\"},\"inLanguage\":\"de\",\"potentialAction\":[{\"@type\":\"ReadAction\",\"target\":[\"https:\\\/\\\/snm-gmbh.com\\\/?page_id=28\"]}]},{\"@type\":\"ImageObject\",\"inLanguage\":\"de\",\"@id\":\"https:\\\/\\\/snm-gmbh.com\\\/?page_id=28#primaryimage\",\"url\":\"https:\\\/\\\/snm-gmbh.com\\\/wp-content\\\/uploads\\\/2022\\\/12\\\/Home.jpg\",\"contentUrl\":\"https:\\\/\\\/snm-gmbh.com\\\/wp-content\\\/uploads\\\/2022\\\/12\\\/Home.jpg\",\"width\":1920,\"height\":1080},{\"@type\":\"BreadcrumbList\",\"@id\":\"https:\\\/\\\/snm-gmbh.com\\\/?page_id=28#breadcrumb\",\"itemListElement\":[{\"@type\":\"ListItem\",\"position\":1,\"name\":\"Startseite\",\"item\":\"https:\\\/\\\/snm-gmbh.com\\\/\"},{\"@type\":\"ListItem\",\"position\":2,\"name\":\"Referenzen\"}]},{\"@type\":\"WebSite\",\"@id\":\"https:\\\/\\\/snm-gmbh.com\\\/#website\",\"url\":\"https:\\\/\\\/snm-gmbh.com\\\/\",\"name\":\"software nach ma\u00df GmbH\",\"description\":\"\",\"publisher\":{\"@id\":\"https:\\\/\\\/snm-gmbh.com\\\/#organization\"},\"potentialAction\":[{\"@type\":\"SearchAction\",\"target\":{\"@type\":\"EntryPoint\",\"urlTemplate\":\"https:\\\/\\\/snm-gmbh.com\\\/?s={search_term_string}\"},\"query-input\":{\"@type\":\"PropertyValueSpecification\",\"valueRequired\":true,\"valueName\":\"search_term_string\"}}],\"inLanguage\":\"de\"},{\"@type\":\"Organization\",\"@id\":\"https:\\\/\\\/snm-gmbh.com\\\/#organization\",\"name\":\"software nach ma\u00df GmbH\",\"url\":\"https:\\\/\\\/snm-gmbh.com\\\/\",\"logo\":{\"@type\":\"ImageObject\",\"inLanguage\":\"de\",\"@id\":\"https:\\\/\\\/snm-gmbh.com\\\/#\\\/schema\\\/logo\\\/image\\\/\",\"url\":\"https:\\\/\\\/snm-gmbh.com\\\/wp-content\\\/uploads\\\/2022\\\/12\\\/logo_snm.png\",\"contentUrl\":\"https:\\\/\\\/snm-gmbh.com\\\/wp-content\\\/uploads\\\/2022\\\/12\\\/logo_snm.png\",\"width\":558,\"height\":270,\"caption\":\"software nach ma\u00df GmbH\"},\"image\":{\"@id\":\"https:\\\/\\\/snm-gmbh.com\\\/#\\\/schema\\\/logo\\\/image\\\/\"}}]}<\/script>\n<!-- \/ Yoast SEO plugin. -->","yoast_head_json":{"title":"Referenzen - software nach ma\u00df GmbH","robots":{"index":"index","follow":"follow","max-snippet":"max-snippet:-1","max-image-preview":"max-image-preview:large","max-video-preview":"max-video-preview:-1"},"canonical":"https:\/\/snm-gmbh.com\/?page_id=28","og_locale":"de_DE","og_type":"article","og_title":"Referenzen - software nach ma\u00df GmbH","og_description":"Projekte F\u00fcr die Firma Siemens AG haben wir zum Beispiel Konfiguratoren f\u00fcr das Projektieren und Bestellen von Mittelspannungsschaltanlagen entwickelt (PSW). Hierbei werden komplette Bestellkataloge \u00fcber ein Programm abgebildet. Eine der gro\u00dfen Herausforderungen war und ist es die sehr komplexen Strukturen der Schaltanlagen und deren Ausschlie\u00dflichkeiten nachzubilden. Das Spektrum der Konfiguratoren reicht vom Angebotswesen in mehreren &hellip; Referenzen Weiterlesen &raquo;","og_url":"https:\/\/snm-gmbh.com\/?page_id=28","og_site_name":"software nach ma\u00df GmbH","article_modified_time":"2022-12-19T17:10:39+00:00","og_image":[{"url":"https:\/\/snm-gmbh.com\/wp-content\/uploads\/2022\/12\/Home.jpg","type":"","width":"","height":""}],"twitter_card":"summary_large_image","twitter_misc":{"Gesch\u00e4tzte Lesezeit":"2\u00a0Minuten"},"schema":{"@context":"https:\/\/schema.org","@graph":[{"@type":"WebPage","@id":"https:\/\/snm-gmbh.com\/?page_id=28","url":"https:\/\/snm-gmbh.com\/?page_id=28","name":"Referenzen - software nach ma\u00df GmbH","isPartOf":{"@id":"https:\/\/snm-gmbh.com\/#website"},"primaryImageOfPage":{"@id":"https:\/\/snm-gmbh.com\/?page_id=28#primaryimage"},"image":{"@id":"https:\/\/snm-gmbh.com\/?page_id=28#primaryimage"},"thumbnailUrl":"https:\/\/snm-gmbh.com\/wp-content\/uploads\/2022\/12\/Home.jpg","datePublished":"2022-12-15T13:41:23+00:00","dateModified":"2022-12-19T17:10:39+00:00","breadcrumb":{"@id":"https:\/\/snm-gmbh.com\/?page_id=28#breadcrumb"},"inLanguage":"de","potentialAction":[{"@type":"ReadAction","target":["https:\/\/snm-gmbh.com\/?page_id=28"]}]},{"@type":"ImageObject","inLanguage":"de","@id":"https:\/\/snm-gmbh.com\/?page_id=28#primaryimage","url":"https:\/\/snm-gmbh.com\/wp-content\/uploads\/2022\/12\/Home.jpg","contentUrl":"https:\/\/snm-gmbh.com\/wp-content\/uploads\/2022\/12\/Home.jpg","width":1920,"height":1080},{"@type":"BreadcrumbList","@id":"https:\/\/snm-gmbh.com\/?page_id=28#breadcrumb","itemListElement":[{"@type":"ListItem","position":1,"name":"Startseite","item":"https:\/\/snm-gmbh.com\/"},{"@type":"ListItem","position":2,"name":"Referenzen"}]},{"@type":"WebSite","@id":"https:\/\/snm-gmbh.com\/#website","url":"https:\/\/snm-gmbh.com\/","name":"software nach ma\u00df GmbH","description":"","publisher":{"@id":"https:\/\/snm-gmbh.com\/#organization"},"potentialAction":[{"@type":"SearchAction","target":{"@type":"EntryPoint","urlTemplate":"https:\/\/snm-gmbh.com\/?s={search_term_string}"},"query-input":{"@type":"PropertyValueSpecification","valueRequired":true,"valueName":"search_term_string"}}],"inLanguage":"de"},{"@type":"Organization","@id":"https:\/\/snm-gmbh.com\/#organization","name":"software nach ma\u00df GmbH","url":"https:\/\/snm-gmbh.com\/","logo":{"@type":"ImageObject","inLanguage":"de","@id":"https:\/\/snm-gmbh.com\/#\/schema\/logo\/image\/","url":"https:\/\/snm-gmbh.com\/wp-content\/uploads\/2022\/12\/logo_snm.png","contentUrl":"https:\/\/snm-gmbh.com\/wp-content\/uploads\/2022\/12\/logo_snm.png","width":558,"height":270,"caption":"software nach ma\u00df GmbH"},"image":{"@id":"https:\/\/snm-gmbh.com\/#\/schema\/logo\/image\/"}}]}},"_links":{"self":[{"href":"https:\/\/snm-gmbh.com\/index.php?rest_route=\/wp\/v2\/pages\/28","targetHints":{"allow":["GET"]}}],"collection":[{"href":"https:\/\/snm-gmbh.com\/index.php?rest_route=\/wp\/v2\/pages"}],"about":[{"href":"https:\/\/snm-gmbh.com\/index.php?rest_route=\/wp\/v2\/types\/page"}],"author":[{"embeddable":true,"href":"https:\/\/snm-gmbh.com\/index.php?rest_route=\/wp\/v2\/users\/1"}],"replies":[{"embeddable":true,"href":"https:\/\/snm-gmbh.com\/index.php?rest_route=%2Fwp%2Fv2%2Fcomments&post=28"}],"version-history":[{"count":5,"href":"https:\/\/snm-gmbh.com\/index.php?rest_route=\/wp\/v2\/pages\/28\/revisions"}],"predecessor-version":[{"id":377,"href":"https:\/\/snm-gmbh.com\/index.php?rest_route=\/wp\/v2\/pages\/28\/revisions\/377"}],"wp:attachment":[{"href":"https:\/\/snm-gmbh.com\/index.php?rest_route=%2Fwp%2Fv2%2Fmedia&parent=28"}],"curies":[{"name":"wp","href":"https:\/\/api.w.org\/{rel}","templated":true}]}}